{"id":7374,"date":"2025-04-07T08:09:00","date_gmt":"2025-04-07T12:09:00","guid":{"rendered":"https:\/\/378f167d76.nxcli.io\/product\/f-200-filters-for-d-200-mask\/"},"modified":"2025-10-02T01:14:54","modified_gmt":"2025-10-02T05:14:54","slug":"f-200-filters-for-d-200-mask","status":"publish","type":"product","link":"https:\/\/airgearpro.com\/fr\/produit\/f-200-filters-for-d-200-mask\/","title":{"rendered":"Filtres de remplacement F-200 P2 &#8211; Compatible avec le masque anti-poussi\u00e8re D-200"},"content":{"rendered":"\t\t<div data-elementor-type=\"wp-post\" data-elementor-id=\"7374\" class=\"elementor elementor-7374 elementor-4415\">\n\t\t\t\t<div class=\"elementor-element elementor-element-2fbaba87 e-flex e-con-boxed e-con e-parent\" data-id=\"2fbaba87\" data-element_type=\"container\">\n\t\t\t\t\t<div class=\"e-con-inner\">\n\t\t<div class=\"elementor-element elementor-element-40abd3a4 e-con-full e-flex e-con e-child\" data-id=\"40abd3a4\" data-element_type=\"container\">\n\t\t\t\t<div class=\"elementor-element elementor-element-4c9eff68 elementor-widget elementor-widget-nasa-icon-box\" data-id=\"4c9eff68\" data-element_type=\"widget\" data-widget_type=\"nasa-icon-box.default\">\n\t\t\t\t<div class=\"elementor-widget-container\">\n\t\t\t\t\t    <div class=\"nasa-icon-box\">\r\n        <div class=\"box nasa-flex flex-column jc text-center\">\r\n            <div class=\"box-img nasa-flex jc\"><img decoding=\"async\" src=\"https:\/\/airgearpro.com\/wp-content\/uploads\/2025\/04\/Icon_Reutilisable.avif\" alt=\"R\u00e9utilisable\" width=\"150\" height=\"150\" \/><\/div>            \r\n            <div class=\"box-text\">\r\n                                    <span class=\"box-title fs-22 nasa-bold margin-bottom-10 nasa-block\">\r\n                        R\u00e9utilisable                    <\/span>\r\n                                                    <p class=\"box-desc\">\r\n                        \u00c9conomisez de l&#039;argent et pr\u00e9servez la plan\u00e8te en m\u00eame temps. La conception de notre masque \u00e0 filtres interchangeables vous permet de remplacer les cartouches lorsqu&#039;elles arrivent en fin de vie et de continuer \u00e0 utiliser le masque avec une filtration optimale.                     <\/p>\r\n                            <\/div>\r\n        <\/div>\r\n    <\/div>\r\n    \t\t\t\t<\/div>\n\t\t\t\t<\/div>\n\t\t\t\t<\/div>\n\t\t<div class=\"elementor-element elementor-element-35d805a7 e-con-full e-flex e-con e-child\" data-id=\"35d805a7\" data-element_type=\"container\">\n\t\t\t\t<div class=\"elementor-element elementor-element-19c02c3e elementor-widget elementor-widget-nasa-icon-box\" data-id=\"19c02c3e\" data-element_type=\"widget\" data-widget_type=\"nasa-icon-box.default\">\n\t\t\t\t<div class=\"elementor-widget-container\">\n\t\t\t\t\t    <div class=\"nasa-icon-box\">\r\n        <div class=\"box nasa-flex flex-column jc text-center\">\r\n            <div class=\"box-img nasa-flex jc\"><img decoding=\"async\" src=\"https:\/\/airgearpro.com\/wp-content\/uploads\/2025\/04\/Icon_Protection.avif\" alt=\"Protection optimale\" width=\"150\" height=\"150\" \/><\/div>            \r\n            <div class=\"box-text\">\r\n                                    <span class=\"box-title fs-22 nasa-bold margin-bottom-10 nasa-block\">\r\n                        Protection optimale                    <\/span>\r\n                                                    <p class=\"box-desc\">\r\n                        Con\u00e7u avec un syst\u00e8me de filtration de classe P2 pour vous garantir une protection contre les particules et les liquides. Le filtre \u00e0 poussi\u00e8re de type P2 filtre un minimum de 94 % des particules en suspension dans l&#039;air.                     <\/p>\r\n                            <\/div>\r\n        <\/div>\r\n    <\/div>\r\n    \t\t\t\t<\/div>\n\t\t\t\t<\/div>\n\t\t\t\t<\/div>\n\t\t<div class=\"elementor-element elementor-element-307d1075 e-con-full e-flex e-con e-child\" data-id=\"307d1075\" data-element_type=\"container\">\n\t\t\t\t<div class=\"elementor-element elementor-element-1c899d3f elementor-widget elementor-widget-nasa-icon-box\" data-id=\"1c899d3f\" data-element_type=\"widget\" data-widget_type=\"nasa-icon-box.default\">\n\t\t\t\t<div class=\"elementor-widget-container\">\n\t\t\t\t\t    <div class=\"nasa-icon-box\">\r\n        <div class=\"box nasa-flex flex-column jc text-center\">\r\n            <div class=\"box-img nasa-flex jc\"><img decoding=\"async\" src=\"https:\/\/airgearpro.com\/wp-content\/uploads\/2025\/04\/Icon_confort.avif\" alt=\"Confort d&#039;utilisation\" width=\"150\" height=\"150\" \/><\/div>            \r\n            <div class=\"box-text\">\r\n                                    <span class=\"box-title fs-22 nasa-bold margin-bottom-10 nasa-block\">\r\n                        Confort d&#039;utilisation                    <\/span>\r\n                                                    <p class=\"box-desc\">\r\n                        En combinant une structure l\u00e9g\u00e8re, des sangles r\u00e9glables et l&#039;utilisation de mat\u00e9riaux de qualit\u00e9 doux pour la peau, ce masque est id\u00e9al pour les longues s\u00e9ances de travail, car il ne vous fatiguera pas.                    <\/p>\r\n                            <\/div>\r\n        <\/div>\r\n    <\/div>\r\n    \t\t\t\t<\/div>\n\t\t\t\t<\/div>\n\t\t\t\t<\/div>\n\t\t<div class=\"elementor-element elementor-element-b72c4e2 e-con-full e-flex e-con e-child\" data-id=\"b72c4e2\" data-element_type=\"container\">\n\t\t\t\t<div class=\"elementor-element elementor-element-6b7a27b4 elementor-widget elementor-widget-nasa-icon-box\" data-id=\"6b7a27b4\" data-element_type=\"widget\" data-widget_type=\"nasa-icon-box.default\">\n\t\t\t\t<div class=\"elementor-widget-container\">\n\t\t\t\t\t    <div class=\"nasa-icon-box\">\r\n        <div class=\"box nasa-flex flex-column jc text-center\">\r\n            <div class=\"box-img nasa-flex jc\"><img loading=\"lazy\" decoding=\"async\" src=\"https:\/\/airgearpro.com\/wp-content\/uploads\/2025\/04\/Applications.avif\" alt=\"Assemblage et utilisation faciles\" width=\"150\" height=\"150\" \/><\/div>            \r\n            <div class=\"box-text\">\r\n                                    <span class=\"box-title fs-22 nasa-bold margin-bottom-10 nasa-block\">\r\n                        Assemblage et utilisation faciles                    <\/span>\r\n                                                    <p class=\"box-desc\">\r\n                        Manuel d&#039;utilisation en fran\u00e7ais avec des instructions claires et des consignes de s\u00e9curit\u00e9.                    <\/p>\r\n                            <\/div>\r\n        <\/div>\r\n    <\/div>\r\n    \t\t\t\t<\/div>\n\t\t\t\t<\/div>\n\t\t\t\t<\/div>\n\t\t\t\t\t<\/div>\n\t\t\t\t<\/div>\n\t\t\t\t<\/div>\n\t\t","protected":false},"excerpt":{"rendered":"<p><strong>SOMMAIRE<\/strong><\/p>\n<ul>\n<li>6 x filtres \u00e0 poussi\u00e8re P2<\/li>\n<\/ul>\n","protected":false},"featured_media":7379,"comment_status":"open","ping_status":"closed","template":"","meta":[],"product_brand":[],"product_cat":[233,234],"product_tag":[],"class_list":{"0":"post-7374","1":"product","2":"type-product","3":"status-publish","4":"has-post-thumbnail","6":"product_cat-filtres-et-cartouches","7":"product_cat-tous-les-produits","8":"tm-no-options","10":"first","11":"instock","12":"sale","13":"taxable","14":"shipping-taxable","15":"purchasable","16":"product-type-simple"},"_links":{"self":[{"href":"https:\/\/airgearpro.com\/fr\/wp-json\/wp\/v2\/product\/7374","targetHints":{"allow":["GET"]}}],"collection":[{"href":"https:\/\/airgearpro.com\/fr\/wp-json\/wp\/v2\/product"}],"about":[{"href":"https:\/\/airgearpro.com\/fr\/wp-json\/wp\/v2\/types\/product"}],"replies":[{"embeddable":true,"href":"https:\/\/airgearpro.com\/fr\/wp-json\/wp\/v2\/comments?post=7374"}],"version-history":[{"count":1,"href":"https:\/\/airgearpro.com\/fr\/wp-json\/wp\/v2\/product\/7374\/revisions"}],"predecessor-version":[{"id":7384,"href":"https:\/\/airgearpro.com\/fr\/wp-json\/wp\/v2\/product\/7374\/revisions\/7384"}],"wp:featuredmedia":[{"embeddable":true,"href":"https:\/\/airgearpro.com\/fr\/wp-json\/wp\/v2\/media\/7379"}],"wp:attachment":[{"href":"https:\/\/airgearpro.com\/fr\/wp-json\/wp\/v2\/media?parent=7374"}],"wp:term":[{"taxonomy":"product_brand","embeddable":true,"href":"https:\/\/airgearpro.com\/fr\/wp-json\/wp\/v2\/product_brand?post=7374"},{"taxonomy":"product_cat","embeddable":true,"href":"https:\/\/airgearpro.com\/fr\/wp-json\/wp\/v2\/product_cat?post=7374"},{"taxonomy":"product_tag","embeddable":true,"href":"https:\/\/airgearpro.com\/fr\/wp-json\/wp\/v2\/product_tag?post=7374"}],"curies":[{"name":"wp","href":"https:\/\/api.w.org\/{rel}","templated":true}]}}