{"id":7363,"date":"2025-04-07T04:27:51","date_gmt":"2025-04-07T08:27:51","guid":{"rendered":"https:\/\/378f167d76.nxcli.io\/legal-notice\/"},"modified":"2025-09-10T06:12:03","modified_gmt":"2025-09-10T10:12:03","slug":"legal-notice","status":"publish","type":"page","link":"https:\/\/airgearpro.com\/fr\/legal-notice\/","title":{"rendered":"Avis juridique"},"content":{"rendered":"\t\t<div data-elementor-type=\"wp-page\" data-elementor-id=\"7363\" class=\"elementor elementor-7363 elementor-4206\">\n\t\t\t\t<div class=\"elementor-element elementor-element-2b3955a e-flex e-con-boxed e-con e-parent\" data-id=\"2b3955a\" data-element_type=\"container\">\n\t\t\t\t\t<div class=\"e-con-inner\">\n\t\t\t\t<div class=\"elementor-element elementor-element-e7a4ddd elementor-widget elementor-widget-text-editor\" data-id=\"e7a4ddd\" data-element_type=\"widget\" data-widget_type=\"text-editor.default\">\n\t\t\t\t<div class=\"elementor-widget-container\">\n\t\t\t\t\t\t\t\t\t<p class=\"\" data-start=\"174\" data-end=\"491\">AirGearPro FZCO, avec un capital social de 10 000 AED, est une soci\u00e9t\u00e9 constitu\u00e9e en vertu des lois des \u00c9mirats arabes unis. Notre si\u00e8ge social est situ\u00e9 \u00e0 Dubai Silicon Oasis, DDP, Building A1, Dubai, UAE. Nous sommes enregistr\u00e9s sous le num\u00e9ro de licence DSO-FZCO-17404. Notre num\u00e9ro de TVA intracommunautaire est FR55923588974.   <\/p><p class=\"\" data-start=\"493\" data-end=\"634\">Le site est publi\u00e9 par AirGearPro FZCO. Pour toute question, veuillez nous contacter \u00e0 l&rsquo;adresse <a class=\"cursor-pointer\" rel=\"noopener\" data-start=\"578\" data-end=\"633\">support@airgearpro.com.<\/a> <\/p><p class=\"\" data-start=\"636\" data-end=\"805\">L&rsquo;h\u00e9bergement de ce site est assur\u00e9 par Nexcess, 2703 Ena Dr.Lansing, MI 48917 US Phone : 1-866-639-2377.<\/p><p class=\"\" data-start=\"807\" data-end=\"994\">Tout le contenu de ce site Web est prot\u00e9g\u00e9 par les lois sur la propri\u00e9t\u00e9 intellectuelle et reste la propri\u00e9t\u00e9 d&rsquo;AirGearPro FZCO. Toute utilisation, reproduction ou distribution non autoris\u00e9e est strictement interdite. <\/p><p class=\"\" data-start=\"996\" data-end=\"1155\">Le pr\u00e9sent avis juridique est r\u00e9gi par les lois des \u00c9mirats arabes unis. En cas de litige, les tribunaux comp\u00e9tents de Duba\u00ef auront une juridiction exclusive. <\/p>\t\t\t\t\t\t\t\t<\/div>\n\t\t\t\t<\/div>\n\t\t\t\t\t<\/div>\n\t\t\t\t<\/div>\n\t\t\t\t<\/div>\n\t\t","protected":false},"excerpt":{"rendered":"<p>AirGearPro FZCO, avec un capital social de 10 000 AED, est une soci\u00e9t\u00e9 constitu\u00e9e en vertu des lois des \u00c9mirats arabes unis. Notre si\u00e8ge social est situ\u00e9 \u00e0 Dubai Silicon Oasis, DDP, Building A1, Dubai, UAE. Nous sommes enregistr\u00e9s sous le num\u00e9ro de licence DSO-FZCO-17404. Notre num\u00e9ro de TVA intracommunautaire est FR55923588974. Le site est [&hellip;]<\/p>\n","protected":false},"author":1,"featured_media":0,"parent":0,"menu_order":0,"comment_status":"closed","ping_status":"closed","template":"","meta":{"footnotes":""},"class_list":["post-7363","page","type-page","status-publish","hentry"],"_links":{"self":[{"href":"https:\/\/airgearpro.com\/fr\/wp-json\/wp\/v2\/pages\/7363","targetHints":{"allow":["GET"]}}],"collection":[{"href":"https:\/\/airgearpro.com\/fr\/wp-json\/wp\/v2\/pages"}],"about":[{"href":"https:\/\/airgearpro.com\/fr\/wp-json\/wp\/v2\/types\/page"}],"author":[{"embeddable":true,"href":"https:\/\/airgearpro.com\/fr\/wp-json\/wp\/v2\/users\/1"}],"replies":[{"embeddable":true,"href":"https:\/\/airgearpro.com\/fr\/wp-json\/wp\/v2\/comments?post=7363"}],"version-history":[{"count":3,"href":"https:\/\/airgearpro.com\/fr\/wp-json\/wp\/v2\/pages\/7363\/revisions"}],"predecessor-version":[{"id":7387,"href":"https:\/\/airgearpro.com\/fr\/wp-json\/wp\/v2\/pages\/7363\/revisions\/7387"}],"wp:attachment":[{"href":"https:\/\/airgearpro.com\/fr\/wp-json\/wp\/v2\/media?parent=7363"}],"curies":[{"name":"wp","href":"https:\/\/api.w.org\/{rel}","templated":true}]}}