{"id":7357,"date":"2025-03-22T13:27:46","date_gmt":"2025-03-22T17:27:46","guid":{"rendered":"https:\/\/378f167d76.nxcli.io\/privacy-policy\/"},"modified":"2025-09-10T06:11:50","modified_gmt":"2025-09-10T10:11:50","slug":"privacy-policy","status":"publish","type":"page","link":"https:\/\/airgearpro.com\/fr\/privacy-policy\/","title":{"rendered":"Politique de confidentialit\u00e9"},"content":{"rendered":"\t\t<div data-elementor-type=\"wp-page\" data-elementor-id=\"7357\" class=\"elementor elementor-7357 elementor-3\">\n\t\t\t\t<div class=\"elementor-element elementor-element-6566c593 e-flex e-con-boxed e-con e-parent\" data-id=\"6566c593\" data-element_type=\"container\">\n\t\t\t\t\t<div class=\"e-con-inner\">\n\t\t\t\t<div class=\"elementor-element elementor-element-171ccf88 elementor-widget elementor-widget-text-editor\" data-id=\"171ccf88\" data-element_type=\"widget\" data-widget_type=\"text-editor.default\">\n\t\t\t\t<div class=\"elementor-widget-container\">\n\t\t\t\t\t\t\t\t\t<p>La pr\u00e9sente politique de confidentialit\u00e9 d\u00e9crit la mani\u00e8re dont vos informations personnelles sont collect\u00e9es, utilis\u00e9es et partag\u00e9es lorsque vous visitez ou effectuez un achat sur www.airgearpro.com (le \u00ab\u00a0Site\u00a0\u00bb).<\/p><p><strong>INFORMATIONS PERSONNELLES COLLECTEES<br><\/strong>Lorsque vous visitez le site, nous recueillons automatiquement certaines informations sur votre appareil, notamment sur votre navigateur web, votre adresse IP, votre fuseau horaire et certains des cookies install\u00e9s sur votre appareil. En outre, lorsque vous naviguez sur le site, nous recueillons des informations sur les pages web ou les produits que vous consultez, sur les sites web ou les termes de recherche qui vous ont renvoy\u00e9 sur le site et sur la mani\u00e8re dont vous interagissez avec le site. Ces informations collect\u00e9es automatiquement sont appel\u00e9es \u00ab\u00a0informations sur l&rsquo;appareil\u00a0\u00bb.  <\/p><p>Nous recueillons des informations sur les appareils \u00e0 l&rsquo;aide des technologies suivantes :<\/p><p>&#8211; Les \u00ab\u00a0cookies\u00a0\u00bb sont des fichiers de donn\u00e9es plac\u00e9s sur votre appareil ou votre ordinateur et comprennent souvent un identifiant unique anonyme. Voici une liste des cookies que nous utilisons. Nous les avons r\u00e9pertori\u00e9s ici afin que vous puissiez choisir de les autoriser ou non.  <br>&#8211; _session_id, identifiant de session unique, permet \u00e0 Shopify de stocker des informations sur votre session (r\u00e9f\u00e9rent, page de destination, etc.).<br>&#8211; _shopify_visit, aucune donn\u00e9e conserv\u00e9e, persiste pendant 30 minutes \u00e0 compter de la derni\u00e8re visite, utilis\u00e9 par le syst\u00e8me interne de suivi des statistiques de notre fournisseur de site web pour enregistrer le nombre de visites.<br>&#8211; _shopify_uniq, aucune donn\u00e9e conserv\u00e9e, expire \u00e0 minuit (en fonction de la localisation du visiteur) le jour suivant, compte le nombre de visites d&rsquo;un magasin par un seul client.<br>&#8211; panier, identifiant unique, persiste pendant 2 semaines, stocke des informations sur votre panier d&rsquo;achat.<br>&#8211; _secure_session_id, identifiant de session unique<br>&#8211; storefront_digest, identifiant unique, non d\u00e9fini si la boutique a un mot de passe, il est utilis\u00e9 pour d\u00e9terminer si le visiteur actuel a acc\u00e8s.<\/p><p>&#8211; Les \u00ab\u00a0fichiers journaux\u00a0\u00bb suivent les actions effectu\u00e9es sur le site et recueillent des donn\u00e9es telles que votre adresse IP, votre type de navigateur, votre fournisseur d&rsquo;acc\u00e8s \u00e0 Internet, les pages de renvoi et de sortie, ainsi que les horodatages.<br>&#8211; Les \u00ab\u00a0balises web\u00a0\u00bb, les \u00ab\u00a0tags\u00a0\u00bb et les \u00ab\u00a0pixels\u00a0\u00bb sont des fichiers \u00e9lectroniques utilis\u00e9s pour enregistrer des informations sur la fa\u00e7on dont vous naviguez sur le site.<\/p><p>En outre, lorsque vous effectuez ou tentez d&rsquo;effectuer un achat sur le site, nous recueillons certaines informations vous concernant, notamment votre nom, votre adresse de facturation, votre adresse de livraison, vos informations de paiement (y compris les num\u00e9ros de carte de cr\u00e9dit et les autres m\u00e9thodes de paiement accept\u00e9es), votre adresse \u00e9lectronique et votre num\u00e9ro de t\u00e9l\u00e9phone. Ces informations sont appel\u00e9es \u00ab\u00a0informations relatives \u00e0 la commande\u00a0\u00bb. <\/p><p>Lorsque nous parlons d'\u00a0\u00bbinformations personnelles\u00a0\u00bb dans la pr\u00e9sente politique de confidentialit\u00e9, nous faisons r\u00e9f\u00e9rence \u00e0 la fois aux informations relatives \u00e0 l&rsquo;appareil et aux informations relatives \u00e0 la commande.<\/p><p><strong>COMMENT UTILISONS-NOUS VOS INFORMATIONS PERSONNELLES ?<br><\/strong>En r\u00e8gle g\u00e9n\u00e9rale, nous utilisons les informations relatives aux commandes que nous recueillons pour honorer les commandes pass\u00e9es sur le site (y compris le traitement de vos informations de paiement, l&rsquo;organisation de l&rsquo;exp\u00e9dition et l&rsquo;envoi de factures et\/ou de confirmations de commande). En outre, nous utilisons ces informations de commande pour :<br>&#8211; communiquer avec vous ;<br>&#8211; d\u00e9tecter les risques potentiels ou la fraude ; et<br>&#8211; lorsque cela correspond aux pr\u00e9f\u00e9rences que vous avez partag\u00e9es avec nous, vous fournir des informations ou de la publicit\u00e9 concernant nos produits ou services. <\/p><p>Nous utilisons les informations relatives \u00e0 l&rsquo;appareil que nous recueillons pour nous aider \u00e0 d\u00e9tecter les risques et les fraudes potentiels (en particulier, votre adresse IP) et, plus g\u00e9n\u00e9ralement, pour am\u00e9liorer et optimiser notre site (par exemple, en g\u00e9n\u00e9rant des analyses sur la mani\u00e8re dont nos clients naviguent et interagissent avec le site, et pour \u00e9valuer le succ\u00e8s de nos campagnes de marketing et de publicit\u00e9).<\/p><p><strong>PARTAGE DE VOS INFORMATIONS PERSONN<\/strong>ELLES <strong><br> Nous partageons vos informations personnelles avec des tiers pour nous aider \u00e0 les utiliser aux fins d\u00e9crites ci-dessus. Par exemple, nous utilisons Shopify pour faire fonctionner notre boutique en ligne &#8211; vous pouvez en savoir plus sur la fa\u00e7on dont Shopify utilise vos informations personnelles ici : https:\/\/www.shopify.fr\/legal\/confidentialite. Nous utilisons \u00e9galement Google Analytics pour nous aider \u00e0 comprendre comment nos clients utilisent le Site &#8211; vous pouvez en savoir plus sur la fa\u00e7on dont Google utilise vos Donn\u00e9es Personnelles ici : https:\/\/www.google.com\/intl\/fr\/policies\/privacy\/. Vous pouvez \u00e9galement d\u00e9sactiver Google Analytics ici : https:\/\/tools.google.com\/dlpage\/gaoptout.<\/strong> <\/p><p>Enfin, nous pouvons \u00e9galement partager vos informations personnelles pour nous conformer aux lois et r\u00e9glementations applicables, pour r\u00e9pondre \u00e0 une citation \u00e0 compara\u00eetre, \u00e0 un mandat de perquisition ou \u00e0 toute autre demande l\u00e9gale d&rsquo;informations que nous recevons, ou pour prot\u00e9ger nos droits de toute autre mani\u00e8re.<\/p><p><strong>PUBLICIT\u00c9 BEHAVORALE<br><\/strong>Comme d\u00e9crit ci-dessus, nous utilisons vos informations personnelles pour vous fournir des publicit\u00e9s cibl\u00e9es ou des communications marketing que nous pensons susceptibles de vous int\u00e9resser. Pour plus d&rsquo;informations sur le fonctionnement de la publicit\u00e9 cibl\u00e9e, vous pouvez consulter la page \u00e9ducative de la Network Advertising Initiative (NAI) \u00e0 l&rsquo;adresse http:\/\/www.networkadvertising.org\/understanding-online-advertising\/how-does-it-work. <\/p><p>Vous pouvez refuser la publicit\u00e9 cibl\u00e9e ici :<br>&#8211; FACEBOOK &#8211; https:\/\/www.facebook.com\/settings\/?tab=ads<br>&#8211; GOOGLE &#8211; https:\/\/www.google.com\/settings\/ads\/anonymous<br>&#8211; BING &#8211; https:\/\/about.ads.microsoft.com\/fr-fr\/ressources\/politiques\/annonces-personnalisees<\/p><p>En outre, vous pouvez refuser certains de ces services en visitant le portail de d\u00e9sactivation de la Digital Advertising Alliance \u00e0 l&rsquo;adresse suivante : https:\/\/optout.aboutads.info\/?c=3&amp;lang=fr.<\/p><p><strong>NE PAS SUIVRE<br><\/strong>Veuillez noter que nous ne modifions pas les pratiques de collecte et d&rsquo;utilisation des donn\u00e9es de notre site lorsque nous recevons un signal \u00ab\u00a0Ne pas suivre\u00a0\u00bb de votre navigateur.<\/p><p><strong>VOS DROITS<br><\/strong>Si vous \u00eates r\u00e9sident europ\u00e9en, vous avez le droit d&rsquo;acc\u00e9der aux informations personnelles que nous d\u00e9tenons \u00e0 votre sujet et de demander que ces informations soient corrig\u00e9es, mises \u00e0 jour ou supprim\u00e9es. Si vous souhaitez exercer ce droit, veuillez nous contacter en utilisant les coordonn\u00e9es ci-dessous. <\/p><p>En outre, si vous \u00eates un r\u00e9sident europ\u00e9en, nous notons que nous traitons vos informations afin d&rsquo;ex\u00e9cuter les contrats que nous pourrions avoir avec vous (par exemple, si vous passez une commande par l&rsquo;interm\u00e9diaire du site), ou autrement pour poursuivre nos int\u00e9r\u00eats commerciaux l\u00e9gitimes \u00e9num\u00e9r\u00e9s ci-dessus. Veuillez \u00e9galement noter que vos informations seront transf\u00e9r\u00e9es en dehors de l&rsquo;Europe, y compris au Canada et aux \u00c9tats-Unis. <\/p><p><strong>CONSERVATION DES DONN\u00c9ES<br><\/strong>Lorsque vous passez une commande sur le site, nous conservons les informations relatives \u00e0 votre commande dans nos dossiers, sauf si vous nous demandez de supprimer ces informations.<\/p><p><strong>MINEURS<br><\/strong>Le site n&rsquo;est pas destin\u00e9 aux personnes de moins de 18 ans.<\/p><p><strong>MODIFICATIONS<br><\/strong>Nous pouvons mettre \u00e0 jour cette politique de confidentialit\u00e9 de temps \u00e0 autre afin de refl\u00e9ter, par exemple, les modifications apport\u00e9es \u00e0 nos pratiques ou pour d&rsquo;autres raisons op\u00e9rationnelles, juridiques ou r\u00e9glementaires.<\/p><p><strong>CONTACTEZ-NOUS<br><\/strong>Pour plus d&rsquo;informations sur nos pratiques en mati\u00e8re de protection de la vie priv\u00e9e, si vous avez des questions ou si vous souhaitez d\u00e9poser une plainte, veuillez nous contacter par courrier \u00e9lectronique \u00e0 l&rsquo;adresse contact@airgearpro.com, ou par courrier aux coordonn\u00e9es indiqu\u00e9es ci-dessous : Airgearpro Fzco,<br>Dubai Silicon Oasis, DDP,<br>Building A1, Unit 001,<br>Dubai, UAE.<\/p>\t\t\t\t\t\t\t\t<\/div>\n\t\t\t\t<\/div>\n\t\t\t\t\t<\/div>\n\t\t\t\t<\/div>\n\t\t\t\t<\/div>\n\t\t","protected":false},"excerpt":{"rendered":"<p>La pr\u00e9sente politique de confidentialit\u00e9 d\u00e9crit la mani\u00e8re dont vos informations personnelles sont collect\u00e9es, utilis\u00e9es et partag\u00e9es lorsque vous visitez ou effectuez un achat sur www.airgearpro.com (le \u00ab\u00a0Site\u00a0\u00bb). INFORMATIONS PERSONNELLES COLLECTEESLorsque vous visitez le site, nous recueillons automatiquement certaines informations sur votre appareil, notamment sur votre navigateur web, votre adresse IP, votre fuseau horaire et [&hellip;]<\/p>\n","protected":false},"author":1,"featured_media":0,"parent":0,"menu_order":0,"comment_status":"closed","ping_status":"open","template":"","meta":{"footnotes":""},"class_list":["post-7357","page","type-page","status-publish","hentry"],"_links":{"self":[{"href":"https:\/\/airgearpro.com\/fr\/wp-json\/wp\/v2\/pages\/7357","targetHints":{"allow":["GET"]}}],"collection":[{"href":"https:\/\/airgearpro.com\/fr\/wp-json\/wp\/v2\/pages"}],"about":[{"href":"https:\/\/airgearpro.com\/fr\/wp-json\/wp\/v2\/types\/page"}],"author":[{"embeddable":true,"href":"https:\/\/airgearpro.com\/fr\/wp-json\/wp\/v2\/users\/1"}],"replies":[{"embeddable":true,"href":"https:\/\/airgearpro.com\/fr\/wp-json\/wp\/v2\/comments?post=7357"}],"version-history":[{"count":1,"href":"https:\/\/airgearpro.com\/fr\/wp-json\/wp\/v2\/pages\/7357\/revisions"}],"predecessor-version":[{"id":7359,"href":"https:\/\/airgearpro.com\/fr\/wp-json\/wp\/v2\/pages\/7357\/revisions\/7359"}],"wp:attachment":[{"href":"https:\/\/airgearpro.com\/fr\/wp-json\/wp\/v2\/media?parent=7357"}],"curies":[{"name":"wp","href":"https:\/\/api.w.org\/{rel}","templated":true}]}}