{"id":7349,"date":"2019-10-21T07:35:49","date_gmt":"2019-10-21T11:35:49","guid":{"rendered":"https:\/\/378f167d76.nxcli.io\/about-us\/"},"modified":"2025-09-19T02:39:47","modified_gmt":"2025-09-19T06:39:47","slug":"about-us","status":"publish","type":"page","link":"https:\/\/airgearpro.com\/fr\/about-us\/","title":{"rendered":"A propos de nous"},"content":{"rendered":"\t\t<div data-elementor-type=\"wp-page\" data-elementor-id=\"7349\" class=\"elementor elementor-7349 elementor-3051\">\n\t\t\t\t<div class=\"elementor-element elementor-element-1d78268 e-flex e-con-boxed e-con e-parent\" data-id=\"1d78268\" data-element_type=\"container\">\n\t\t\t\t\t<div class=\"e-con-inner\">\n\t\t<div class=\"elementor-element elementor-element-b28ad24 e-con-full e-flex e-con e-child\" data-id=\"b28ad24\" data-element_type=\"container\">\n\t\t\t\t<div class=\"elementor-element elementor-element-5ec4577 elementor-widget elementor-widget-heading\" data-id=\"5ec4577\" data-element_type=\"widget\" data-widget_type=\"heading.default\">\n\t\t\t\t<div class=\"elementor-widget-container\">\n\t\t\t\t\t<h2 class=\"elementor-heading-title elementor-size-default\">Notre mission<\/h2>\t\t\t\t<\/div>\n\t\t\t\t<\/div>\n\t\t\t\t<div class=\"elementor-element elementor-element-54790f4 elementor-widget elementor-widget-text-editor\" data-id=\"54790f4\" data-element_type=\"widget\" data-widget_type=\"text-editor.default\">\n\t\t\t\t<div class=\"elementor-widget-container\">\n\t\t\t\t\t\t\t\t\t<p>Chez AirGearPro, notre mission est simple : <strong>concevoir et fournir des \u00e9quipements de protection de haute performance qui permettent aux gens de construire, de cr\u00e9er et de travailler en toute s\u00e9curit\u00e9<\/strong>. Nous combinons l&rsquo;<strong>innovation, la s\u00e9curit\u00e9 et le d\u00e9veloppement durable<\/strong> pour offrir des \u00e9quipements fiables qui non seulement prot\u00e8gent, mais aussi respectent la plan\u00e8te. <\/p><p>N\u00e9 du d\u00e9sir de r\u00e9volutionner l&rsquo;industrie des \u00e9quipements de s\u00e9curit\u00e9, AirGearPro a \u00e9t\u00e9 fond\u00e9 pour apporter aux professionnels et aux bricoleurs la <strong>transparence, un design r\u00e9fl\u00e9chi et des solutions respectueuses de l&rsquo;environnement<\/strong>.<\/p><p>Que vous ponciez du bois, peigniez des murs, manipuliez des produits chimiques ou travailliez dans un environnement industriel lourd, notre objectif est de vous fournir un \u00e9quipement <strong>facile \u00e0 utiliser, confortable \u00e0 porter et suffisamment r\u00e9sistant pour toutes les t\u00e2ches, afin que v<\/strong>ous puissiez vous concentrer sur ce qui compte le plus : votre travail.<\/p>\t\t\t\t\t\t\t\t<\/div>\n\t\t\t\t<\/div>\n\t\t\t\t<\/div>\n\t\t<div class=\"elementor-element elementor-element-dec2e8e e-con-full e-flex e-con e-child\" data-id=\"dec2e8e\" data-element_type=\"container\">\n\t\t\t\t<div class=\"elementor-element elementor-element-62f616b elementor-widget elementor-widget-image\" data-id=\"62f616b\" data-element_type=\"widget\" data-widget_type=\"image.default\">\n\t\t\t\t<div class=\"elementor-widget-container\">\n\t\t\t\t\t\t\t\t\t\t\t\t\t\t\t<img fetchpriority=\"high\" decoding=\"async\" width=\"1024\" height=\"1024\" src=\"https:\/\/airgearpro.com\/wp-content\/uploads\/2025\/09\/Our_mission.png\" class=\"attachment-full size-full wp-image-7352\" alt=\"Enhanced digital illustration of modern protective gear, including helmet, goggles, mask, and footwear, for innovative AirGearPro safety equipment, highlighting advanced design and technology.\" srcset=\"https:\/\/airgearpro.com\/wp-content\/uploads\/2025\/09\/Our_mission.png 1024w, https:\/\/airgearpro.com\/wp-content\/uploads\/2025\/09\/Our_mission-300x300.png 300w, https:\/\/airgearpro.com\/wp-content\/uploads\/2025\/09\/Our_mission-595x595.png 595w, https:\/\/airgearpro.com\/wp-content\/uploads\/2025\/09\/Our_mission-150x150.png 150w, https:\/\/airgearpro.com\/wp-content\/uploads\/2025\/09\/Our_mission-768x768.png 768w, https:\/\/airgearpro.com\/wp-content\/uploads\/2025\/09\/Our_mission-120x120.png 120w, https:\/\/airgearpro.com\/wp-content\/uploads\/2025\/09\/Our_mission-380x380.png 380w, https:\/\/airgearpro.com\/wp-content\/uploads\/2025\/09\/Our_mission-450x450.png 450w, https:\/\/airgearpro.com\/wp-content\/uploads\/2025\/09\/Our_mission-350x350.png 350w, https:\/\/airgearpro.com\/wp-content\/uploads\/2025\/09\/Our_mission-100x100.png 100w\" sizes=\"(max-width: 1024px) 100vw, 1024px\" \/>\t\t\t\t\t\t\t\t\t\t\t\t\t\t\t<\/div>\n\t\t\t\t<\/div>\n\t\t\t\t<\/div>\n\t\t\t\t\t<\/div>\n\t\t\t\t<\/div>\n\t\t<div class=\"elementor-element elementor-element-e3cfa48 e-flex e-con-boxed e-con e-parent\" data-id=\"e3cfa48\" data-element_type=\"container\">\n\t\t\t\t\t<div class=\"e-con-inner\">\n\t\t<div class=\"elementor-element elementor-element-c808b21 e-con-full e-flex e-con e-child\" data-id=\"c808b21\" data-element_type=\"container\">\n\t\t\t\t<div class=\"elementor-element elementor-element-fe6d455 elementor-widget elementor-widget-image\" data-id=\"fe6d455\" data-element_type=\"widget\" data-widget_type=\"image.default\">\n\t\t\t\t<div class=\"elementor-widget-container\">\n\t\t\t\t\t\t\t\t\t\t\t\t\t\t\t<img decoding=\"async\" width=\"2136\" height=\"1200\" src=\"https:\/\/airgearpro.com\/wp-content\/uploads\/2025\/09\/WhoWeServe-scaled.jpg\" class=\"attachment-full size-full wp-image-7353\" alt=\"Highly effective air respirators used by construction workers, industrial maintenance personnel, and professionals to ensure safety in hazardous environments.\" srcset=\"https:\/\/airgearpro.com\/wp-content\/uploads\/2025\/09\/WhoWeServe-scaled.jpg 2136w, https:\/\/airgearpro.com\/wp-content\/uploads\/2025\/09\/WhoWeServe-350x197.jpg 350w, https:\/\/airgearpro.com\/wp-content\/uploads\/2025\/09\/WhoWeServe-595x334.jpg 595w, https:\/\/airgearpro.com\/wp-content\/uploads\/2025\/09\/WhoWeServe-150x84.jpg 150w, https:\/\/airgearpro.com\/wp-content\/uploads\/2025\/09\/WhoWeServe-768x431.jpg 768w, https:\/\/airgearpro.com\/wp-content\/uploads\/2025\/09\/WhoWeServe-1536x863.jpg 1536w, https:\/\/airgearpro.com\/wp-content\/uploads\/2025\/09\/WhoWeServe-2048x1150.jpg 2048w, https:\/\/airgearpro.com\/wp-content\/uploads\/2025\/09\/WhoWeServe-450x253.jpg 450w\" sizes=\"(max-width: 2136px) 100vw, 2136px\" \/>\t\t\t\t\t\t\t\t\t\t\t\t\t\t\t<\/div>\n\t\t\t\t<\/div>\n\t\t\t\t<\/div>\n\t\t<div class=\"elementor-element elementor-element-fee62fa e-con-full e-flex e-con e-child\" data-id=\"fee62fa\" data-element_type=\"container\">\n\t\t\t\t<div class=\"elementor-element elementor-element-ee81b37 elementor-widget elementor-widget-heading\" data-id=\"ee81b37\" data-element_type=\"widget\" data-widget_type=\"heading.default\">\n\t\t\t\t<div class=\"elementor-widget-container\">\n\t\t\t\t\t<h2 class=\"elementor-heading-title elementor-size-default\">Qui nous servons<\/h2>\t\t\t\t<\/div>\n\t\t\t\t<\/div>\n\t\t\t\t<div class=\"elementor-element elementor-element-e9dc64d elementor-widget elementor-widget-text-editor\" data-id=\"e9dc64d\" data-element_type=\"widget\" data-widget_type=\"text-editor.default\">\n\t\t\t\t<div class=\"elementor-widget-container\">\n\t\t\t\t\t\t\t\t\t<p>Nous sommes fiers de soutenir une communaut\u00e9 croissante de personnes et de professionnels passionn\u00e9s &#8211; artisans<strong>, peintres, menuisiers, ouvriers du b\u00e2timent et fabricants &#8211; qui<\/strong>donnent vie \u00e0 leurs id\u00e9es tous les jours. Pour nous, vous n&rsquo;\u00eates pas de simples clients ; vous \u00eates des <strong>cr\u00e9ateurs, des b\u00e2tisseurs et des r\u00eaveurs<\/strong>, et nous sommes l\u00e0 pour vous soutenir. <\/p>\t\t\t\t\t\t\t\t<\/div>\n\t\t\t\t<\/div>\n\t\t\t\t<\/div>\n\t\t\t\t\t<\/div>\n\t\t\t\t<\/div>\n\t\t<div class=\"elementor-element elementor-element-0c4f444 e-flex e-con-boxed e-con e-parent\" data-id=\"0c4f444\" data-element_type=\"container\">\n\t\t\t\t\t<div class=\"e-con-inner\">\n\t\t\t\t<div class=\"elementor-element elementor-element-7154e3e elementor-widget elementor-widget-heading\" data-id=\"7154e3e\" data-element_type=\"widget\" data-widget_type=\"heading.default\">\n\t\t\t\t<div class=\"elementor-widget-container\">\n\t\t\t\t\t<h2 class=\"elementor-heading-title elementor-size-default\">Ce qui nous diff\u00e9rencie<\/h2>\t\t\t\t<\/div>\n\t\t\t\t<\/div>\n\t\t\t\t\t<\/div>\n\t\t\t\t<\/div>\n\t\t<div class=\"elementor-element elementor-element-31758d9 e-flex e-con-boxed e-con e-parent\" data-id=\"31758d9\" data-element_type=\"container\">\n\t\t\t\t\t<div class=\"e-con-inner\">\n\t\t<div class=\"elementor-element elementor-element-ce90911 e-con-full e-flex e-con e-child\" data-id=\"ce90911\" data-element_type=\"container\">\n\t\t\t\t<div class=\"elementor-element elementor-element-7dd97b2 elementor-widget elementor-widget-nasa-icon-box\" data-id=\"7dd97b2\" data-element_type=\"widget\" data-widget_type=\"nasa-icon-box.default\">\n\t\t\t\t<div class=\"elementor-widget-container\">\n\t\t\t\t\t    <div class=\"nasa-icon-box\">\r\n        <div class=\"box nasa-flex flex-column jc text-center\">\r\n            <div class=\"box-img nasa-flex jc\"><img decoding=\"async\" src=\"https:\/\/airgearpro.com\/wp-content\/uploads\/2025\/08\/df4.png\" alt=\"Conception conviviale\" width=\"64\" height=\"64\" \/><\/div>            \r\n            <div class=\"box-text\">\r\n                                    <span class=\"box-title fs-22 nasa-bold margin-bottom-10 nasa-block\">\r\n                        Conception conviviale                    <\/span>\r\n                                                    <p class=\"box-desc\">\r\n                        Nos produits sont con\u00e7us pour le confort, l&#039;efficacit\u00e9 et la durabilit\u00e9.                    <\/p>\r\n                            <\/div>\r\n        <\/div>\r\n    <\/div>\r\n    \t\t\t\t<\/div>\n\t\t\t\t<\/div>\n\t\t\t\t<\/div>\n\t\t<div class=\"elementor-element elementor-element-119557d e-con-full e-flex e-con e-child\" data-id=\"119557d\" data-element_type=\"container\">\n\t\t\t\t<div class=\"elementor-element elementor-element-af85fb0 elementor-widget elementor-widget-nasa-icon-box\" data-id=\"af85fb0\" data-element_type=\"widget\" data-widget_type=\"nasa-icon-box.default\">\n\t\t\t\t<div class=\"elementor-widget-container\">\n\t\t\t\t\t    <div class=\"nasa-icon-box\">\r\n        <div class=\"box nasa-flex flex-column jc text-center\">\r\n            <div class=\"box-img nasa-flex jc\"><img loading=\"lazy\" decoding=\"async\" src=\"https:\/\/airgearpro.com\/wp-content\/uploads\/2025\/08\/e3.png\" alt=\"Protection de qualit\u00e9 industrielle\" width=\"64\" height=\"64\" \/><\/div>            \r\n            <div class=\"box-text\">\r\n                                    <span class=\"box-title fs-22 nasa-bold margin-bottom-10 nasa-block\">\r\n                        Protection de qualit\u00e9 industrielle                    <\/span>\r\n                                                    <p class=\"box-desc\">\r\n                        Certifi\u00e9 selon les normes de s\u00e9curit\u00e9 les plus \u00e9lev\u00e9es.                    <\/p>\r\n                            <\/div>\r\n        <\/div>\r\n    <\/div>\r\n    \t\t\t\t<\/div>\n\t\t\t\t<\/div>\n\t\t\t\t<\/div>\n\t\t<div class=\"elementor-element elementor-element-14bb799 e-con-full e-flex e-con e-child\" data-id=\"14bb799\" data-element_type=\"container\">\n\t\t\t\t<div class=\"elementor-element elementor-element-2cb6fe1 elementor-widget elementor-widget-nasa-icon-box\" data-id=\"2cb6fe1\" data-element_type=\"widget\" data-widget_type=\"nasa-icon-box.default\">\n\t\t\t\t<div class=\"elementor-widget-container\">\n\t\t\t\t\t    <div class=\"nasa-icon-box\">\r\n        <div class=\"box nasa-flex flex-column jc text-center\">\r\n            <div class=\"box-img nasa-flex jc\"><img loading=\"lazy\" decoding=\"async\" src=\"https:\/\/airgearpro.com\/wp-content\/uploads\/2025\/08\/r4.png\" alt=\"La confiance des professionnels\" width=\"64\" height=\"64\" \/><\/div>            \r\n            <div class=\"box-text\">\r\n                                    <span class=\"box-title fs-22 nasa-bold margin-bottom-10 nasa-block\">\r\n                        La confiance des professionnels                    <\/span>\r\n                                                    <p class=\"box-desc\">\r\n                        Utilis\u00e9 dans les secteurs de la construction, de la peinture, de la fabrication et de l&#039;exploitation mini\u00e8re.                    <\/p>\r\n                            <\/div>\r\n        <\/div>\r\n    <\/div>\r\n    \t\t\t\t<\/div>\n\t\t\t\t<\/div>\n\t\t\t\t<\/div>\n\t\t<div class=\"elementor-element elementor-element-e25811c e-con-full e-flex e-con e-child\" data-id=\"e25811c\" data-element_type=\"container\">\n\t\t\t\t<div class=\"elementor-element elementor-element-078c2b4 elementor-widget elementor-widget-nasa-icon-box\" data-id=\"078c2b4\" data-element_type=\"widget\" data-widget_type=\"nasa-icon-box.default\">\n\t\t\t\t<div class=\"elementor-widget-container\">\n\t\t\t\t\t    <div class=\"nasa-icon-box\">\r\n        <div class=\"box nasa-flex flex-column jc text-center\">\r\n            <div class=\"box-img nasa-flex jc\"><img loading=\"lazy\" decoding=\"async\" src=\"https:\/\/airgearpro.com\/wp-content\/uploads\/2025\/08\/w2.jpg\" alt=\"Exp\u00e9dition rapide. Support amical \" width=\"64\" height=\"64\" \/><\/div>            \r\n            <div class=\"box-text\">\r\n                                    <span class=\"box-title fs-22 nasa-bold margin-bottom-10 nasa-block\">\r\n                        Exp\u00e9dition rapide. Support amical                     <\/span>\r\n                                                    <p class=\"box-desc\">\r\n                        Nous livrons rapidement \u00e0 partir d&#039;entrep\u00f4ts locaux et nous vous offrons une assistance r\u00e9elle et utile, chaque fois que vous en avez besoin.                    <\/p>\r\n                            <\/div>\r\n        <\/div>\r\n    <\/div>\r\n    \t\t\t\t<\/div>\n\t\t\t\t<\/div>\n\t\t\t\t<\/div>\n\t\t\t\t\t<\/div>\n\t\t\t\t<\/div>\n\t\t<div class=\"elementor-element elementor-element-dedfa12 e-flex e-con-boxed e-con e-parent\" data-id=\"dedfa12\" data-element_type=\"container\">\n\t\t\t\t\t<div class=\"e-con-inner\">\n\t\t<div class=\"elementor-element elementor-element-1c3abe9 e-con-full e-flex e-con e-child\" data-id=\"1c3abe9\" data-element_type=\"container\">\n\t\t\t\t<div class=\"elementor-element elementor-element-c0da072 elementor-widget elementor-widget-image\" data-id=\"c0da072\" data-element_type=\"widget\" data-widget_type=\"image.default\">\n\t\t\t\t<div class=\"elementor-widget-container\">\n\t\t\t\t\t\t\t\t\t\t\t\t\t\t\t<img loading=\"lazy\" decoding=\"async\" width=\"1024\" height=\"1024\" src=\"https:\/\/airgearpro.com\/wp-content\/uploads\/2025\/09\/Our-Core-Values.png\" class=\"attachment-full size-full wp-image-7354\" alt=\"Industrial worker wearing safety helmet and protective glasses in a factory setting with sparks flying in the background.\" srcset=\"https:\/\/airgearpro.com\/wp-content\/uploads\/2025\/09\/Our-Core-Values.png 1024w, https:\/\/airgearpro.com\/wp-content\/uploads\/2025\/09\/Our-Core-Values-300x300.png 300w, https:\/\/airgearpro.com\/wp-content\/uploads\/2025\/09\/Our-Core-Values-595x595.png 595w, https:\/\/airgearpro.com\/wp-content\/uploads\/2025\/09\/Our-Core-Values-150x150.png 150w, https:\/\/airgearpro.com\/wp-content\/uploads\/2025\/09\/Our-Core-Values-768x768.png 768w, https:\/\/airgearpro.com\/wp-content\/uploads\/2025\/09\/Our-Core-Values-120x120.png 120w, https:\/\/airgearpro.com\/wp-content\/uploads\/2025\/09\/Our-Core-Values-380x380.png 380w, https:\/\/airgearpro.com\/wp-content\/uploads\/2025\/09\/Our-Core-Values-450x450.png 450w, https:\/\/airgearpro.com\/wp-content\/uploads\/2025\/09\/Our-Core-Values-350x350.png 350w, https:\/\/airgearpro.com\/wp-content\/uploads\/2025\/09\/Our-Core-Values-100x100.png 100w\" sizes=\"(max-width: 1024px) 100vw, 1024px\" \/>\t\t\t\t\t\t\t\t\t\t\t\t\t\t\t<\/div>\n\t\t\t\t<\/div>\n\t\t\t\t<\/div>\n\t\t<div class=\"elementor-element elementor-element-6646cd4 e-con-full e-flex e-con e-child\" data-id=\"6646cd4\" data-element_type=\"container\">\n\t\t\t\t<div class=\"elementor-element elementor-element-6cd40f8 elementor-widget elementor-widget-heading\" data-id=\"6cd40f8\" data-element_type=\"widget\" data-widget_type=\"heading.default\">\n\t\t\t\t<div class=\"elementor-widget-container\">\n\t\t\t\t\t<h2 class=\"elementor-heading-title elementor-size-default\">Nos valeurs fondamentales<\/h2>\t\t\t\t<\/div>\n\t\t\t\t<\/div>\n\t\t\t\t<div class=\"elementor-element elementor-element-2500ffd elementor-widget elementor-widget-text-editor\" data-id=\"2500ffd\" data-element_type=\"widget\" data-widget_type=\"text-editor.default\">\n\t\t\t\t<div class=\"elementor-widget-container\">\n\t\t\t\t\t\t\t\t\t<p><strong> \ud83d\udee1 La s\u00e9curit\u00e9 avant tout<\/strong><br>Votre sant\u00e9 est votre bien le plus pr\u00e9cieux. C&rsquo;est pourquoi nous ne faisons jamais de compromis sur la s\u00e9curit\u00e9. Chaque produit que nous proposons est test\u00e9, certifi\u00e9 et con\u00e7u pour offrir une protection maximale dans des conditions de travail r\u00e9elles.  <\/p><p><strong>\u2764\ufe0f<\/strong><strong> Passion pour l&rsquo;artisanat<\/strong><br>Nous croyons au pouvoir des personnes qui construisent, cr\u00e9ent et fabriquent. Nous sommes l\u00e0 pour soutenir ce voyage avec des <strong>\u00e9quipements de premier ordre<\/strong>, des connaissances d&rsquo;experts et un service r\u00e9actif. <\/p><p><strong>\ud83c\udf31<\/strong><strong> Respect de la nature<\/strong><br>Nous nous engageons \u00e0 r\u00e9duire l&rsquo;impact sur l&rsquo;environnement par des <strong>pratiques durables<\/strong> et des gammes de produits r\u00e9utilisables. La s\u00e9curit\u00e9 ne doit pas se faire au d\u00e9triment de la plan\u00e8te. <\/p>\t\t\t\t\t\t\t\t<\/div>\n\t\t\t\t<\/div>\n\t\t\t\t<\/div>\n\t\t\t\t\t<\/div>\n\t\t\t\t<\/div>\n\t\t<div class=\"elementor-element elementor-element-8a680ab e-flex e-con-boxed e-con e-parent\" data-id=\"8a680ab\" data-element_type=\"container\">\n\t\t\t\t\t<div class=\"e-con-inner\">\n\t\t\t\t<div class=\"elementor-element elementor-element-0ec7b3e elementor-widget elementor-widget-heading\" data-id=\"0ec7b3e\" data-element_type=\"widget\" data-widget_type=\"heading.default\">\n\t\t\t\t<div class=\"elementor-widget-container\">\n\t\t\t\t\t<h2 class=\"elementor-heading-title elementor-size-default\">La durabilit\u00e9 en action<\/h2>\t\t\t\t<\/div>\n\t\t\t\t<\/div>\n\t\t\t\t<div class=\"elementor-element elementor-element-ee5c75b elementor-widget elementor-widget-text-editor\" data-id=\"ee5c75b\" data-element_type=\"widget\" data-widget_type=\"text-editor.default\">\n\t\t\t\t<div class=\"elementor-widget-container\">\n\t\t\t\t\t\t\t\t\tNous nous effor\u00e7ons d&rsquo;atteindre la neutralit\u00e9 carbone d&rsquo;ici \u00e0 2030, mais nous ne nous contentons pas de parler, nous agissons :\t\t\t\t\t\t\t\t<\/div>\n\t\t\t\t<\/div>\n\t\t\t\t\t<\/div>\n\t\t\t\t<\/div>\n\t\t<div class=\"elementor-element elementor-element-43b565d e-flex e-con-boxed e-con e-parent\" data-id=\"43b565d\" data-element_type=\"container\">\n\t\t\t\t\t<div class=\"e-con-inner\">\n\t\t<div class=\"elementor-element elementor-element-9d3e7f0 e-con-full e-flex e-con e-child\" data-id=\"9d3e7f0\" data-element_type=\"container\">\n\t\t\t\t<div class=\"elementor-element elementor-element-2a7ca79 elementor-widget__width-initial nasa-radius-55 primary-bg margin-right-25  elementor-widget elementor-widget-wp-widget-nasa_image\" data-id=\"2a7ca79\" data-element_type=\"widget\" data-widget_type=\"wp-widget-nasa_image.default\">\n\t\t\t\t<div class=\"elementor-widget-container\">\n\t\t\t\t\t<div class=\"nasa-image-wrap text-center\"><img loading=\"lazy\" decoding=\"async\" class=\"nasa-image\" src=\"https:\/\/airgearpro.com\/wp-content\/uploads\/2025\/09\/mnk-01.png\" alt=\"\" width=\"62\" height=\"50\" \/><\/div>\t\t\t\t<\/div>\n\t\t\t\t<\/div>\n\t\t\t\t<div class=\"elementor-element elementor-element-ca01733 elementor-widget elementor-widget-heading\" data-id=\"ca01733\" data-element_type=\"widget\" data-widget_type=\"heading.default\">\n\t\t\t\t<div class=\"elementor-widget-container\">\n\t\t\t\t\t<h5 class=\"elementor-heading-title elementor-size-default\">Plus de 500 000 masques \u00e0 usage unique remplac\u00e9s<\/h5>\t\t\t\t<\/div>\n\t\t\t\t<\/div>\n\t\t\t\t<\/div>\n\t\t<div class=\"elementor-element elementor-element-31c791d e-con-full e-flex e-con e-child\" data-id=\"31c791d\" data-element_type=\"container\">\n\t\t\t\t<div class=\"elementor-element elementor-element-17cd173 elementor-widget__width-initial nasa-radius-55 primary-bg margin-right-25  elementor-widget elementor-widget-wp-widget-nasa_image\" data-id=\"17cd173\" data-element_type=\"widget\" data-widget_type=\"wp-widget-nasa_image.default\">\n\t\t\t\t<div class=\"elementor-widget-container\">\n\t\t\t\t\t<div class=\"nasa-image-wrap text-center\"><img loading=\"lazy\" decoding=\"async\" class=\"nasa-image\" src=\"https:\/\/airgearpro.com\/wp-content\/uploads\/2025\/09\/bvn-01.png\" alt=\"\" width=\"62\" height=\"50\" \/><\/div>\t\t\t\t<\/div>\n\t\t\t\t<\/div>\n\t\t\t\t<div class=\"elementor-element elementor-element-2366895 elementor-widget elementor-widget-heading\" data-id=\"2366895\" data-element_type=\"widget\" data-widget_type=\"heading.default\">\n\t\t\t\t<div class=\"elementor-widget-container\">\n\t\t\t\t\t<h5 class=\"elementor-heading-title elementor-size-default\">Emballages 100% recyclables et certifi\u00e9s FSC depuis 2020<\/h5>\t\t\t\t<\/div>\n\t\t\t\t<\/div>\n\t\t\t\t<\/div>\n\t\t<div class=\"elementor-element elementor-element-9d20ac6 e-con-full e-flex e-con e-child\" data-id=\"9d20ac6\" data-element_type=\"container\">\n\t\t\t\t<div class=\"elementor-element elementor-element-ea01ef9 elementor-widget__width-initial nasa-radius-55 primary-bg margin-right-25  elementor-widget elementor-widget-wp-widget-nasa_image\" data-id=\"ea01ef9\" data-element_type=\"widget\" data-widget_type=\"wp-widget-nasa_image.default\">\n\t\t\t\t<div class=\"elementor-widget-container\">\n\t\t\t\t\t<div class=\"nasa-image-wrap text-center\"><img loading=\"lazy\" decoding=\"async\" class=\"nasa-image\" src=\"https:\/\/airgearpro.com\/wp-content\/uploads\/2025\/09\/wesxx-01.png\" alt=\"\" width=\"62\" height=\"50\" \/><\/div>\t\t\t\t<\/div>\n\t\t\t\t<\/div>\n\t\t\t\t<div class=\"elementor-element elementor-element-02709af elementor-widget elementor-widget-heading\" data-id=\"02709af\" data-element_type=\"widget\" data-widget_type=\"heading.default\">\n\t\t\t\t<div class=\"elementor-widget-container\">\n\t\t\t\t\t<h5 class=\"elementor-heading-title elementor-size-default\">  Syst\u00e8me de filtration r\u00e9utilisable<\/h5>\t\t\t\t<\/div>\n\t\t\t\t<\/div>\n\t\t\t\t<\/div>\n\t\t<div class=\"elementor-element elementor-element-f67334b e-con-full e-flex e-con e-child\" data-id=\"f67334b\" data-element_type=\"container\">\n\t\t\t\t<div class=\"elementor-element elementor-element-dd86c6b elementor-widget__width-initial nasa-radius-55 primary-bg margin-right-25  elementor-widget elementor-widget-wp-widget-nasa_image\" data-id=\"dd86c6b\" data-element_type=\"widget\" data-widget_type=\"wp-widget-nasa_image.default\">\n\t\t\t\t<div class=\"elementor-widget-container\">\n\t\t\t\t\t<div class=\"nasa-image-wrap text-center\"><img loading=\"lazy\" decoding=\"async\" class=\"nasa-image\" src=\"https:\/\/airgearpro.com\/wp-content\/uploads\/2025\/09\/wqf-01.png\" alt=\"\" width=\"62\" height=\"50\" \/><\/div>\t\t\t\t<\/div>\n\t\t\t\t<\/div>\n\t\t\t\t<div class=\"elementor-element elementor-element-2c7157e elementor-widget elementor-widget-heading\" data-id=\"2c7157e\" data-element_type=\"widget\" data-widget_type=\"heading.default\">\n\t\t\t\t<div class=\"elementor-widget-container\">\n\t\t\t\t\t<h5 class=\"elementor-heading-title elementor-size-default\">Compenser les \u00e9missions de carbone gr\u00e2ce \u00e0 la cha\u00eene d'approvisionnement et aux initiatives en mati\u00e8re de transport maritime<\/h5>\t\t\t\t<\/div>\n\t\t\t\t<\/div>\n\t\t\t\t<\/div>\n\t\t\t\t\t<\/div>\n\t\t\t\t<\/div>\n\t\t<div class=\"elementor-element elementor-element-785dca8 e-flex e-con-boxed e-con e-parent\" data-id=\"785dca8\" data-element_type=\"container\">\n\t\t\t\t\t<div class=\"e-con-inner\">\n\t\t\t\t<div class=\"elementor-element elementor-element-f88f42b elementor-widget elementor-widget-heading\" data-id=\"f88f42b\" data-element_type=\"widget\" data-widget_type=\"heading.default\">\n\t\t\t\t<div class=\"elementor-widget-container\">\n\t\t\t\t\t<h2 class=\"elementor-heading-title elementor-size-default\">Con\u00e7u pour ceux qui font bouger les choses<\/h2>\t\t\t\t<\/div>\n\t\t\t\t<\/div>\n\t\t\t\t<div class=\"elementor-element elementor-element-d3cb8ea elementor-widget elementor-widget-text-editor\" data-id=\"d3cb8ea\" data-element_type=\"widget\" data-widget_type=\"text-editor.default\">\n\t\t\t\t<div class=\"elementor-widget-container\">\n\t\t\t\t\t\t\t\t\t<p>AirGearPro est plus qu&rsquo;une marque. C&rsquo;est une mission, une communaut\u00e9 et un mouvement visant \u00e0 rendre les \u00e9quipements de s\u00e9curit\u00e9 plus intelligents, plus durables et plus accessibles. Nous sommes fiers de faire partie de votre voyage.<br>Equipez-vous en toute confiance. Travaillez en toute s\u00e9curit\u00e9. Respirez mieux. Construisez plus intelligemment &#8211; avec AirGearPro.     <\/p>\t\t\t\t\t\t\t\t<\/div>\n\t\t\t\t<\/div>\n\t\t\t\t\t<\/div>\n\t\t\t\t<\/div>\n\t\t\t\t<\/div>\n\t\t","protected":false},"excerpt":{"rendered":"<p>Notre mission Chez AirGearPro, notre mission est simple : concevoir et fournir des \u00e9quipements de protection de haute performance qui permettent aux gens de construire, de cr\u00e9er et de travailler en toute s\u00e9curit\u00e9. Nous combinons l&rsquo;innovation, la s\u00e9curit\u00e9 et le d\u00e9veloppement durable pour offrir des \u00e9quipements fiables qui non seulement prot\u00e8gent, mais aussi respectent la [&hellip;]<\/p>\n","protected":false},"author":1,"featured_media":0,"parent":0,"menu_order":0,"comment_status":"closed","ping_status":"closed","template":"page-visual-composer.php","meta":{"footnotes":""},"class_list":["post-7349","page","type-page","status-publish","hentry"],"_links":{"self":[{"href":"https:\/\/airgearpro.com\/fr\/wp-json\/wp\/v2\/pages\/7349","targetHints":{"allow":["GET"]}}],"collection":[{"href":"https:\/\/airgearpro.com\/fr\/wp-json\/wp\/v2\/pages"}],"about":[{"href":"https:\/\/airgearpro.com\/fr\/wp-json\/wp\/v2\/types\/page"}],"author":[{"embeddable":true,"href":"https:\/\/airgearpro.com\/fr\/wp-json\/wp\/v2\/users\/1"}],"replies":[{"embeddable":true,"href":"https:\/\/airgearpro.com\/fr\/wp-json\/wp\/v2\/comments?post=7349"}],"version-history":[{"count":7,"href":"https:\/\/airgearpro.com\/fr\/wp-json\/wp\/v2\/pages\/7349\/revisions"}],"predecessor-version":[{"id":8162,"href":"https:\/\/airgearpro.com\/fr\/wp-json\/wp\/v2\/pages\/7349\/revisions\/8162"}],"wp:attachment":[{"href":"https:\/\/airgearpro.com\/fr\/wp-json\/wp\/v2\/media?parent=7349"}],"curies":[{"name":"wp","href":"https:\/\/api.w.org\/{rel}","templated":true}]}}