{"id":9064,"date":"2025-09-01T02:45:51","date_gmt":"2025-09-01T06:45:51","guid":{"rendered":"https:\/\/378f167d76.nxcli.io\/product\/vision-1000-2-pack-safety-goggles-anti-fog-protective-eyewear\/"},"modified":"2025-10-13T23:44:55","modified_gmt":"2025-10-14T03:44:55","slug":"vision-1000-2erpack-schutzbrille-antibeschlag","status":"publish","type":"product","link":"https:\/\/airgearpro.com\/de\/produkt\/vision-1000-2erpack-schutzbrille-antibeschlag\/","title":{"rendered":"Vision-1000 Schutzbrillen im 2er-Pack \u2013 beschlagfreier Augenschutz"},"content":{"rendered":"\t\t<div data-elementor-type=\"wp-post\" data-elementor-id=\"9064\" class=\"elementor elementor-9064 elementor-6720\">\n\t\t\t\t<div class=\"elementor-element elementor-element-a5e03de e-flex e-con-boxed e-con e-parent\" data-id=\"a5e03de\" data-element_type=\"container\">\n\t\t\t\t\t<div class=\"e-con-inner\">\n\t\t<div class=\"elementor-element elementor-element-627d941 e-con-full e-flex e-con e-child\" data-id=\"627d941\" data-element_type=\"container\">\n\t\t\t\t<div class=\"elementor-element elementor-element-77a088b elementor-widget__width-inherit elementor-widget elementor-widget-heading\" data-id=\"77a088b\" data-element_type=\"widget\" data-widget_type=\"heading.default\">\n\t\t\t\t<div class=\"elementor-widget-container\">\n\t\t\t\t\t<h5 class=\"elementor-heading-title elementor-size-default\">ZERTIFIZIERTER SCHUTZ IN INDUSTRIEQUALIT\u00c4T!<\/h5>\t\t\t\t<\/div>\n\t\t\t\t<\/div>\n\t\t\t\t<div class=\"elementor-element elementor-element-2f223ac elementor-widget elementor-widget-text-editor\" data-id=\"2f223ac\" data-element_type=\"widget\" data-widget_type=\"text-editor.default\">\n\t\t\t\t<div class=\"elementor-widget-container\">\n\t\t\t\t\t\t\t\t\t<p>Die AirGearPro V-1000<br>Schutzbrillen sind CE-zertifiziert (EN166:2001), um Ihren Schutz zu gew\u00e4hrleisten.<\/p>\t\t\t\t\t\t\t\t<\/div>\n\t\t\t\t<\/div>\n\t\t\t\t<\/div>\n\t\t<div class=\"elementor-element elementor-element-3507a86 e-con-full e-flex e-con e-child\" data-id=\"3507a86\" data-element_type=\"container\">\n\t\t\t\t<div class=\"elementor-element elementor-element-02741c3 elementor-widget elementor-widget-image\" data-id=\"02741c3\" data-element_type=\"widget\" data-widget_type=\"image.default\">\n\t\t\t\t<div class=\"elementor-widget-container\">\n\t\t\t\t\t\t\t\t\t\t\t\t\t\t\t<img fetchpriority=\"high\" decoding=\"async\" width=\"1939\" height=\"1200\" src=\"https:\/\/airgearpro.com\/wp-content\/uploads\/2025\/04\/G500_Product-Description_Module-7.jpg\" class=\"attachment-full size-full wp-image-8790\" alt=\"Paint roller being used to apply white paint on a wall, with a worker wearing safety goggles and gloves. Perfect for construction, home renovation, or professional painting services.\" srcset=\"https:\/\/airgearpro.com\/wp-content\/uploads\/2025\/04\/G500_Product-Description_Module-7.jpg 1939w, https:\/\/airgearpro.com\/wp-content\/uploads\/2025\/04\/G500_Product-Description_Module-7-350x217.jpg 350w, https:\/\/airgearpro.com\/wp-content\/uploads\/2025\/04\/G500_Product-Description_Module-7-595x368.jpg 595w, https:\/\/airgearpro.com\/wp-content\/uploads\/2025\/04\/G500_Product-Description_Module-7-150x93.jpg 150w, https:\/\/airgearpro.com\/wp-content\/uploads\/2025\/04\/G500_Product-Description_Module-7-768x475.jpg 768w, https:\/\/airgearpro.com\/wp-content\/uploads\/2025\/04\/G500_Product-Description_Module-7-1536x950.jpg 1536w, https:\/\/airgearpro.com\/wp-content\/uploads\/2025\/04\/G500_Product-Description_Module-7-18x12.jpg 18w, https:\/\/airgearpro.com\/wp-content\/uploads\/2025\/04\/G500_Product-Description_Module-7-450x278.jpg 450w\" sizes=\"(max-width: 1939px) 100vw, 1939px\" \/>\t\t\t\t\t\t\t\t\t\t\t\t\t\t\t<\/div>\n\t\t\t\t<\/div>\n\t\t\t\t<\/div>\n\t\t\t\t\t<\/div>\n\t\t\t\t<\/div>\n\t\t<div class=\"elementor-element elementor-element-5a95017 e-flex e-con-boxed e-con e-parent\" data-id=\"5a95017\" data-element_type=\"container\" data-settings=\"{&quot;background_background&quot;:&quot;gradient&quot;}\">\n\t\t\t\t\t<div class=\"e-con-inner\">\n\t\t<div class=\"elementor-element elementor-element-aa453fe e-con-full e-flex e-con e-child\" data-id=\"aa453fe\" data-element_type=\"container\">\n\t\t\t\t<div class=\"elementor-element elementor-element-cc92c87 elementor-widget elementor-widget-image\" data-id=\"cc92c87\" data-element_type=\"widget\" data-widget_type=\"image.default\">\n\t\t\t\t<div class=\"elementor-widget-container\">\n\t\t\t\t\t\t\t\t\t\t\t\t\t\t\t<img decoding=\"async\" width=\"500\" height=\"500\" src=\"https:\/\/airgearpro.com\/wp-content\/uploads\/2025\/05\/xsw-01.png\" class=\"attachment-full size-full wp-image-9037\" alt=\"High-quality safety goggles for beginners and professionals, offering superior eye protection for various sports and outdoor activities. Robust, comfortable, and stylish for enhanced performance.\" srcset=\"https:\/\/airgearpro.com\/wp-content\/uploads\/2025\/05\/xsw-01.png 500w, https:\/\/airgearpro.com\/wp-content\/uploads\/2025\/05\/xsw-01-300x300.png 300w, https:\/\/airgearpro.com\/wp-content\/uploads\/2025\/05\/xsw-01-150x150.png 150w, https:\/\/airgearpro.com\/wp-content\/uploads\/2025\/05\/xsw-01-120x120.png 120w, https:\/\/airgearpro.com\/wp-content\/uploads\/2025\/05\/xsw-01-12x12.png 12w, https:\/\/airgearpro.com\/wp-content\/uploads\/2025\/05\/xsw-01-380x380.png 380w, https:\/\/airgearpro.com\/wp-content\/uploads\/2025\/05\/xsw-01-450x450.png 450w, https:\/\/airgearpro.com\/wp-content\/uploads\/2025\/05\/xsw-01-350x350.png 350w, https:\/\/airgearpro.com\/wp-content\/uploads\/2025\/05\/xsw-01-100x100.png 100w\" sizes=\"(max-width: 500px) 100vw, 500px\" \/>\t\t\t\t\t\t\t\t\t\t\t\t\t\t\t<\/div>\n\t\t\t\t<\/div>\n\t\t\t\t<\/div>\n\t\t<div class=\"elementor-element elementor-element-387216b e-con-full e-flex e-con e-child\" data-id=\"387216b\" data-element_type=\"container\">\n\t\t\t\t<div class=\"elementor-element elementor-element-de4f145 elementor-widget__width-inherit elementor-widget elementor-widget-heading\" data-id=\"de4f145\" data-element_type=\"widget\" data-widget_type=\"heading.default\">\n\t\t\t\t<div class=\"elementor-widget-container\">\n\t\t\t\t\t<h5 class=\"elementor-heading-title elementor-size-default\">OPTIKEN H\u00d6CHSTER QUALIT\u00c4T<\/h5>\t\t\t\t<\/div>\n\t\t\t\t<\/div>\n\t\t\t\t<div class=\"elementor-element elementor-element-2db9c19 elementor-widget elementor-widget-text-editor\" data-id=\"2db9c19\" data-element_type=\"widget\" data-widget_type=\"text-editor.default\">\n\t\t\t\t<div class=\"elementor-widget-container\">\n\t\t\t\t\t\t\t\t\t<p>Unsere Schutzbrillen sind mit Optiken h\u00f6chster Qualit\u00e4t ausgestattet, optische Klasse 1. Das bedeutet, sie bieten eine verzerrungsfreie und sichere<br>Sicht f\u00fcr den Dauereinsatz. <\/p>\t\t\t\t\t\t\t\t<\/div>\n\t\t\t\t<\/div>\n\t\t\t\t<\/div>\n\t\t\t\t\t<\/div>\n\t\t\t\t<\/div>\n\t\t<div class=\"elementor-element elementor-element-49755b2 e-con-full e-flex e-con e-parent\" data-id=\"49755b2\" data-element_type=\"container\" data-settings=\"{&quot;background_background&quot;:&quot;classic&quot;}\">\n\t\t\t\t<div class=\"elementor-element elementor-element-b281567 elementor-widget elementor-widget-text-editor\" data-id=\"b281567\" data-element_type=\"widget\" data-widget_type=\"text-editor.default\">\n\t\t\t\t<div class=\"elementor-widget-container\">\n\t\t\t\t\t\t\t\t\t<h3 class=\"fs-40 mobile-fs-30 margin-top-0 margin-bottom-10 mobile-margin-bottom-5\">LEICHT UND KOMFORTABEL<\/h3>\t\t\t\t\t\t\t\t<\/div>\n\t\t\t\t<\/div>\n\t\t\t\t<div class=\"elementor-element elementor-element-fb506e0 elementor-widget elementor-widget-text-editor\" data-id=\"fb506e0\" data-element_type=\"widget\" data-widget_type=\"text-editor.default\">\n\t\t\t\t<div class=\"elementor-widget-container\">\n\t\t\t\t\t\t\t\t\t<p>Dank einer leichten Struktur, verstellbaren Riemen und der Verwendung hochwertiger Materialien, die sich weich auf der Haut anf\u00fchlen, ist diese Gasmaske ideal f\u00fcr lange Arbeitssitzungen, da sie Sie nicht erm\u00fcdet.<\/p>\t\t\t\t\t\t\t\t<\/div>\n\t\t\t\t<\/div>\n\t\t\t\t<\/div>\n\t\t<div class=\"elementor-element elementor-element-290ebf4 e-flex e-con-boxed e-con e-parent\" data-id=\"290ebf4\" data-element_type=\"container\" data-settings=\"{&quot;background_background&quot;:&quot;classic&quot;}\">\n\t\t\t\t\t<div class=\"e-con-inner\">\n\t\t<div class=\"elementor-element elementor-element-c51c27c e-con-full e-flex e-con e-child\" data-id=\"c51c27c\" data-element_type=\"container\">\n\t\t\t\t<div class=\"elementor-element elementor-element-b3c518b elementor-widget elementor-widget-nasa-icon-box\" data-id=\"b3c518b\" data-element_type=\"widget\" data-widget_type=\"nasa-icon-box.default\">\n\t\t\t\t<div class=\"elementor-widget-container\">\n\t\t\t\t\t    <div class=\"nasa-icon-box\">\r\n        <div class=\"box nasa-flex flex-column jc text-center\">\r\n            <div class=\"box-img nasa-flex jc\"><img decoding=\"async\" src=\"https:\/\/airgearpro.com\/wp-content\/uploads\/2025\/08\/cdsbg-01.png\" alt=\"Weites Sichtfeld\" width=\"100\" height=\"100\" \/><\/div>            \r\n            <div class=\"box-text\">\r\n                                    <span class=\"box-title fs-22 nasa-bold margin-bottom-10 nasa-block\">\r\n                        Weites Sichtfeld                    <\/span>\r\n                                                    <p class=\"box-desc\">\r\n                        Alles klar sehen                    <\/p>\r\n                            <\/div>\r\n        <\/div>\r\n    <\/div>\r\n    \t\t\t\t<\/div>\n\t\t\t\t<\/div>\n\t\t\t\t<div class=\"elementor-element elementor-element-adcac5b elementor-widget elementor-widget-nasa-icon-box\" data-id=\"adcac5b\" data-element_type=\"widget\" data-widget_type=\"nasa-icon-box.default\">\n\t\t\t\t<div class=\"elementor-widget-container\">\n\t\t\t\t\t    <div class=\"nasa-icon-box\">\r\n        <div class=\"box nasa-flex flex-column jc text-center\">\r\n            <div class=\"box-img nasa-flex jc\"><img loading=\"lazy\" decoding=\"async\" src=\"https:\/\/airgearpro.com\/wp-content\/uploads\/2025\/08\/sads-01.png\" alt=\"Leicht\" width=\"100\" height=\"100\" \/><\/div>            \r\n            <div class=\"box-text\">\r\n                                    <span class=\"box-title fs-22 nasa-bold margin-bottom-10 nasa-block\">\r\n                        Leicht                    <\/span>\r\n                                                    <p class=\"box-desc\">\r\n                        Wiegt nur 107 Gramm                    <\/p>\r\n                            <\/div>\r\n        <\/div>\r\n    <\/div>\r\n    \t\t\t\t<\/div>\n\t\t\t\t<\/div>\n\t\t\t\t<\/div>\n\t\t<div class=\"elementor-element elementor-element-33b3b45 e-con-full e-flex e-con e-child\" data-id=\"33b3b45\" data-element_type=\"container\">\n\t\t\t\t<div class=\"elementor-element elementor-element-27ae941 elementor-widget elementor-widget-image\" data-id=\"27ae941\" data-element_type=\"widget\" data-widget_type=\"image.default\">\n\t\t\t\t<div class=\"elementor-widget-container\">\n\t\t\t\t\t\t\t\t\t\t\t\t\t\t\t<img loading=\"lazy\" decoding=\"async\" width=\"500\" height=\"280\" src=\"https:\/\/airgearpro.com\/wp-content\/uploads\/2025\/05\/xasw-01.png\" class=\"attachment-full size-full wp-image-9041\" alt=\"High-quality clear protective goggles with black strap, ideal for sports, outdoor activities, or safety equipment use. Durable, comfortable, and designed for maximum eye protection.\" srcset=\"https:\/\/airgearpro.com\/wp-content\/uploads\/2025\/05\/xasw-01.png 500w, https:\/\/airgearpro.com\/wp-content\/uploads\/2025\/05\/xasw-01-350x196.png 350w, https:\/\/airgearpro.com\/wp-content\/uploads\/2025\/05\/xasw-01-150x84.png 150w, https:\/\/airgearpro.com\/wp-content\/uploads\/2025\/05\/xasw-01-18x10.png 18w, https:\/\/airgearpro.com\/wp-content\/uploads\/2025\/05\/xasw-01-450x252.png 450w\" sizes=\"(max-width: 500px) 100vw, 500px\" \/>\t\t\t\t\t\t\t\t\t\t\t\t\t\t\t<\/div>\n\t\t\t\t<\/div>\n\t\t\t\t<\/div>\n\t\t<div class=\"elementor-element elementor-element-5663cd1 e-con-full e-flex e-con e-child\" data-id=\"5663cd1\" data-element_type=\"container\">\n\t\t\t\t<div class=\"elementor-element elementor-element-64958fb elementor-widget elementor-widget-nasa-icon-box\" data-id=\"64958fb\" data-element_type=\"widget\" data-widget_type=\"nasa-icon-box.default\">\n\t\t\t\t<div class=\"elementor-widget-container\">\n\t\t\t\t\t    <div class=\"nasa-icon-box\">\r\n        <div class=\"box nasa-flex flex-column jc text-center\">\r\n            <div class=\"box-img nasa-flex jc\"><img loading=\"lazy\" decoding=\"async\" src=\"https:\/\/airgearpro.com\/wp-content\/uploads\/2025\/08\/hng-01.png\" alt=\"Breite Kopfb\u00e4nder\" width=\"150\" height=\"150\" \/><\/div>            \r\n            <div class=\"box-text\">\r\n                                    <span class=\"box-title fs-22 nasa-bold margin-bottom-10 nasa-block\">\r\n                        Breite Kopfb\u00e4nder                    <\/span>\r\n                                                    <p class=\"box-desc\">\r\n                        37 mm breite Kopfb\u00e4nder f\u00fcr zus\u00e4tzlichen Komfort                    <\/p>\r\n                            <\/div>\r\n        <\/div>\r\n    <\/div>\r\n    \t\t\t\t<\/div>\n\t\t\t\t<\/div>\n\t\t\t\t<div class=\"elementor-element elementor-element-349f100 elementor-widget elementor-widget-nasa-icon-box\" data-id=\"349f100\" data-element_type=\"widget\" data-widget_type=\"nasa-icon-box.default\">\n\t\t\t\t<div class=\"elementor-widget-container\">\n\t\t\t\t\t    <div class=\"nasa-icon-box\">\r\n        <div class=\"box nasa-flex flex-column jc text-center\">\r\n            <div class=\"box-img nasa-flex jc\"><img loading=\"lazy\" decoding=\"async\" src=\"https:\/\/airgearpro.com\/wp-content\/uploads\/2025\/08\/xsafv-01.png\" alt=\"Bel\u00fcftungsventile\" width=\"100\" height=\"100\" \/><\/div>            \r\n            <div class=\"box-text\">\r\n                                    <span class=\"box-title fs-22 nasa-bold margin-bottom-10 nasa-block\">\r\n                        Bel\u00fcftungsventile                    <\/span>\r\n                                                    <p class=\"box-desc\">\r\n                        Verhindert Beschlagen                    <\/p>\r\n                            <\/div>\r\n        <\/div>\r\n    <\/div>\r\n    \t\t\t\t<\/div>\n\t\t\t\t<\/div>\n\t\t\t\t<\/div>\n\t\t\t\t\t<\/div>\n\t\t\t\t<\/div>\n\t\t<div class=\"elementor-element elementor-element-f1318f0 e-flex e-con-boxed e-con e-parent\" data-id=\"f1318f0\" data-element_type=\"container\" data-settings=\"{&quot;background_background&quot;:&quot;classic&quot;}\">\n\t\t\t\t\t<div class=\"e-con-inner\">\n\t\t\t\t<div class=\"elementor-element elementor-element-6551f70 elementor-widget elementor-widget-heading\" data-id=\"6551f70\" data-element_type=\"widget\" data-widget_type=\"heading.default\">\n\t\t\t\t<div class=\"elementor-widget-container\">\n\t\t\t\t\t<h3 class=\"elementor-heading-title elementor-size-large\">GEW\u00c4HRLEISTEN SIE IHREN SCHUTZ<\/h3>\t\t\t\t<\/div>\n\t\t\t\t<\/div>\n\t\t\t\t<div class=\"elementor-element elementor-element-c0cb411 elementor-widget elementor-widget-heading\" data-id=\"c0cb411\" data-element_type=\"widget\" data-widget_type=\"heading.default\">\n\t\t\t\t<div class=\"elementor-widget-container\">\n\t\t\t\t\t<h3 class=\"elementor-heading-title elementor-size-large\">BEIM STREICHEN, SCHLEIFEN, SCHLEIFARBEITEN,\n<br>RENOVIERUNG, ABBRUCH, BAUARBEITEN, HEIMWERKEN USW.<\/h3>\t\t\t\t<\/div>\n\t\t\t\t<\/div>\n\t\t\t\t\t<\/div>\n\t\t\t\t<\/div>\n\t\t<div class=\"elementor-element elementor-element-ab59210 e-flex e-con-boxed e-con e-parent\" data-id=\"ab59210\" data-element_type=\"container\">\n\t\t\t\t\t<div class=\"e-con-inner\">\n\t\t<div class=\"elementor-element elementor-element-e32745c e-con-full e-flex e-con e-child\" data-id=\"e32745c\" data-element_type=\"container\" data-settings=\"{&quot;background_background&quot;:&quot;classic&quot;}\">\n\t\t\t\t<div class=\"elementor-element elementor-element-ce3bad0 elementor-widget elementor-widget-heading\" data-id=\"ce3bad0\" data-element_type=\"widget\" data-widget_type=\"heading.default\">\n\t\t\t\t<div class=\"elementor-widget-container\">\n\t\t\t\t\t<h2 class=\"elementor-heading-title elementor-size-default\">STREICHEN<\/h2>\t\t\t\t<\/div>\n\t\t\t\t<\/div>\n\t\t\t\t<\/div>\n\t\t<div class=\"elementor-element elementor-element-5a0622e e-con-full e-flex e-con e-child\" data-id=\"5a0622e\" data-element_type=\"container\" data-settings=\"{&quot;background_background&quot;:&quot;classic&quot;}\">\n\t\t\t\t<div class=\"elementor-element elementor-element-bebcca5 elementor-widget elementor-widget-heading\" data-id=\"bebcca5\" data-element_type=\"widget\" data-widget_type=\"heading.default\">\n\t\t\t\t<div class=\"elementor-widget-container\">\n\t\t\t\t\t<h2 class=\"elementor-heading-title elementor-size-default\">SCHLEIFARBEITEN<\/h2>\t\t\t\t<\/div>\n\t\t\t\t<\/div>\n\t\t\t\t<\/div>\n\t\t<div class=\"elementor-element elementor-element-8b2be2d e-con-full e-flex e-con e-child\" data-id=\"8b2be2d\" data-element_type=\"container\" data-settings=\"{&quot;background_background&quot;:&quot;classic&quot;}\">\n\t\t\t\t<div class=\"elementor-element elementor-element-932c614 elementor-widget elementor-widget-heading\" data-id=\"932c614\" data-element_type=\"widget\" data-widget_type=\"heading.default\">\n\t\t\t\t<div class=\"elementor-widget-container\">\n\t\t\t\t\t<h2 class=\"elementor-heading-title elementor-size-default\">  ABBRUCH<\/h2>\t\t\t\t<\/div>\n\t\t\t\t<\/div>\n\t\t\t\t<\/div>\n\t\t\t\t\t<\/div>\n\t\t\t\t<\/div>\n\t\t<div class=\"elementor-element elementor-element-7257bac e-flex e-con-boxed e-con e-parent\" data-id=\"7257bac\" data-element_type=\"container\" data-settings=\"{&quot;background_background&quot;:&quot;classic&quot;}\">\n\t\t\t\t\t<div class=\"e-con-inner\">\n\t\t\t\t<div class=\"elementor-element elementor-element-47a1691 elementor-widget elementor-widget-image\" data-id=\"47a1691\" data-element_type=\"widget\" data-widget_type=\"image.default\">\n\t\t\t\t<div class=\"elementor-widget-container\">\n\t\t\t\t\t\t\t\t\t\t\t\t\t\t\t<img loading=\"lazy\" decoding=\"async\" width=\"1537\" height=\"595\" src=\"https:\/\/airgearpro.com\/wp-content\/uploads\/2025\/08\/bgh-01.jpg\" class=\"attachment-full size-full wp-image-9061\" alt=\"Newly renovated interior space featuring construction tools, wooden flooring materials, and a partially completed floor installation for a modern home or office renovation.\" srcset=\"https:\/\/airgearpro.com\/wp-content\/uploads\/2025\/08\/bgh-01.jpg 1537w, https:\/\/airgearpro.com\/wp-content\/uploads\/2025\/08\/bgh-01-350x135.jpg 350w, https:\/\/airgearpro.com\/wp-content\/uploads\/2025\/08\/bgh-01-595x230.jpg 595w, https:\/\/airgearpro.com\/wp-content\/uploads\/2025\/08\/bgh-01-150x58.jpg 150w, https:\/\/airgearpro.com\/wp-content\/uploads\/2025\/08\/bgh-01-768x297.jpg 768w, https:\/\/airgearpro.com\/wp-content\/uploads\/2025\/08\/bgh-01-18x7.jpg 18w, https:\/\/airgearpro.com\/wp-content\/uploads\/2025\/08\/bgh-01-450x174.jpg 450w\" sizes=\"(max-width: 1537px) 100vw, 1537px\" \/>\t\t\t\t\t\t\t\t\t\t\t\t\t\t\t<\/div>\n\t\t\t\t<\/div>\n\t\t\t\t\t<\/div>\n\t\t\t\t<\/div>\n\t\t<div class=\"elementor-element elementor-element-6a6d69a e-flex e-con-boxed e-con e-parent\" data-id=\"6a6d69a\" data-element_type=\"container\" data-settings=\"{&quot;background_background&quot;:&quot;classic&quot;}\">\n\t\t\t\t\t<div class=\"e-con-inner\">\n\t\t<div class=\"elementor-element elementor-element-e891eeb e-con-full e-flex e-con e-child\" data-id=\"e891eeb\" data-element_type=\"container\">\n\t\t\t\t<div class=\"elementor-element elementor-element-7eca86c elementor-widget elementor-widget-image\" data-id=\"7eca86c\" data-element_type=\"widget\" data-widget_type=\"image.default\">\n\t\t\t\t<div class=\"elementor-widget-container\">\n\t\t\t\t\t\t\t\t\t\t\t\t\t\t\t<img loading=\"lazy\" decoding=\"async\" width=\"625\" height=\"462\" src=\"https:\/\/airgearpro.com\/wp-content\/uploads\/2025\/08\/xsbn-01.png\" class=\"attachment-full size-full wp-image-9062\" alt=\"Protective safety goggles with adjustable strap, ear plugs, and carrying case, ideal for sports and outdoor activities. Perfect for enhanced eye and ear safety.\" srcset=\"https:\/\/airgearpro.com\/wp-content\/uploads\/2025\/08\/xsbn-01.png 625w, https:\/\/airgearpro.com\/wp-content\/uploads\/2025\/08\/xsbn-01-350x259.png 350w, https:\/\/airgearpro.com\/wp-content\/uploads\/2025\/08\/xsbn-01-595x440.png 595w, https:\/\/airgearpro.com\/wp-content\/uploads\/2025\/08\/xsbn-01-150x111.png 150w, https:\/\/airgearpro.com\/wp-content\/uploads\/2025\/08\/xsbn-01-16x12.png 16w, https:\/\/airgearpro.com\/wp-content\/uploads\/2025\/08\/xsbn-01-450x333.png 450w\" sizes=\"(max-width: 625px) 100vw, 625px\" \/>\t\t\t\t\t\t\t\t\t\t\t\t\t\t\t<\/div>\n\t\t\t\t<\/div>\n\t\t\t\t<\/div>\n\t\t<div class=\"elementor-element elementor-element-96628e2 e-con-full e-flex e-con e-child\" data-id=\"96628e2\" data-element_type=\"container\">\n\t\t\t\t<div class=\"elementor-element elementor-element-43dfbda elementor-widget__width-inherit elementor-widget elementor-widget-heading\" data-id=\"43dfbda\" data-element_type=\"widget\" data-widget_type=\"heading.default\">\n\t\t\t\t<div class=\"elementor-widget-container\">\n\t\t\t\t\t<h5 class=\"elementor-heading-title elementor-size-default\">INHALT<\/h5>\t\t\t\t<\/div>\n\t\t\t\t<\/div>\n\t\t\t\t<div class=\"elementor-element elementor-element-45bb428 elementor-widget elementor-widget-text-editor\" data-id=\"45bb428\" data-element_type=\"widget\" data-widget_type=\"text-editor.default\">\n\t\t\t\t<div class=\"elementor-widget-container\">\n\t\t\t\t\t\t\t\t\t<ul><li><strong>1x<\/strong> Schutzbrille<\/li><li><strong>1x<\/strong> Geh\u00f6rschutzst\u00f6psel<\/li><li><strong>1x<\/strong> Bedienungsanleitung<\/li><\/ul>\t\t\t\t\t\t\t\t<\/div>\n\t\t\t\t<\/div>\n\t\t\t\t<\/div>\n\t\t\t\t\t<\/div>\n\t\t\t\t<\/div>\n\t\t\t\t<\/div>\n\t\t","protected":false},"excerpt":{"rendered":"<p><span class=\"a-list-item\"><strong>CE-ZERTIFIZIERT:<\/strong> Die AirGearPro Vision-1000 Augenschutzbrillen sind CE-zertifiziert (EN166:2001), um Ihre Sicherheit beim Streichen, Renovieren, Abbruch, Schleifen, Heimwerken, bei Bauarbeiten, in der Chemie usw. zu gew\u00e4hrleisten.<\/span><\/p>\n<p><span class=\"a-list-item\"><strong>BESCHLAGFREIE LINSE:<\/strong> Unsere V-1000 Schutzbrillen verf\u00fcgen \u00fcber eine fortschrittliche Antibeschlagbeschichtung, die das Beschlagen verhindert und jederzeit klare Sicht gew\u00e4hrleistet.<\/span><\/p>\n<p><span class=\"a-list-item\"><strong>HOCHWERTIGE OPTIK (OPTISCHE KLASSE 1):<\/strong> Unsere Arbeitsbrillen sind mit Optiken h\u00f6chster Qualit\u00e4t ausgestattet \u2013 optische Klasse 1. Das bedeutet, sie bieten eine verzerrungsfreie und sichere Sicht f\u00fcr den Dauereinsatz. <\/span><\/p>\n<p><span class=\"a-list-item\"><strong>LEICHT UND KOMFORTABEL:<\/strong> Dank ihrer leichten Struktur, verstellbaren B\u00e4ndern und der Verwendung hochwertiger Soft-Touch-Materialien eignen sich unsere Augenschutzbrillen perfekt f\u00fcr lange Arbeitseins\u00e4tze.<\/span><\/p>\n<p><span class=\"a-list-item\"><strong>BREITES SICHTFELD:<\/strong> Mit diesen Staubschutzbrillen sehen Sie alles klar, ohne Verletzungsgefahr.<\/span><\/p>\n","protected":false},"featured_media":9065,"comment_status":"open","ping_status":"closed","template":"","meta":[],"product_brand":[],"product_cat":[253,258],"product_tag":[],"class_list":{"0":"post-9064","1":"product","2":"type-product","3":"status-publish","4":"has-post-thumbnail","6":"product_cat-alle-produkte","7":"product_cat-schutzbrille","8":"tm-no-options","10":"first","11":"instock","12":"sale","13":"taxable","14":"shipping-taxable","15":"purchasable","16":"product-type-simple"},"_links":{"self":[{"href":"https:\/\/airgearpro.com\/de\/wp-json\/wp\/v2\/product\/9064","targetHints":{"allow":["GET"]}}],"collection":[{"href":"https:\/\/airgearpro.com\/de\/wp-json\/wp\/v2\/product"}],"about":[{"href":"https:\/\/airgearpro.com\/de\/wp-json\/wp\/v2\/types\/product"}],"replies":[{"embeddable":true,"href":"https:\/\/airgearpro.com\/de\/wp-json\/wp\/v2\/comments?post=9064"}],"version-history":[{"count":3,"href":"https:\/\/airgearpro.com\/de\/wp-json\/wp\/v2\/product\/9064\/revisions"}],"predecessor-version":[{"id":16301,"href":"https:\/\/airgearpro.com\/de\/wp-json\/wp\/v2\/product\/9064\/revisions\/16301"}],"wp:featuredmedia":[{"embeddable":true,"href":"https:\/\/airgearpro.com\/de\/wp-json\/wp\/v2\/media\/9065"}],"wp:attachment":[{"href":"https:\/\/airgearpro.com\/de\/wp-json\/wp\/v2\/media?parent=9064"}],"wp:term":[{"taxonomy":"product_brand","embeddable":true,"href":"https:\/\/airgearpro.com\/de\/wp-json\/wp\/v2\/product_brand?post=9064"},{"taxonomy":"product_cat","embeddable":true,"href":"https:\/\/airgearpro.com\/de\/wp-json\/wp\/v2\/product_cat?post=9064"},{"taxonomy":"product_tag","embeddable":true,"href":"https:\/\/airgearpro.com\/de\/wp-json\/wp\/v2\/product_tag?post=9064"}],"curies":[{"name":"wp","href":"https:\/\/api.w.org\/{rel}","templated":true}]}}