{"id":8743,"date":"2025-04-07T07:47:29","date_gmt":"2025-04-07T11:47:29","guid":{"rendered":"https:\/\/378f167d76.nxcli.io\/product\/d-200-reusable-dust-mask\/"},"modified":"2025-10-13T23:54:54","modified_gmt":"2025-10-14T03:54:54","slug":"d-200-wiederverwendbare-staubmaske","status":"publish","type":"product","link":"https:\/\/airgearpro.com\/de\/produkt\/d-200-wiederverwendbare-staubmaske\/","title":{"rendered":"D-200 wiederverwendbare Staubmaske mit P2-Filtern"},"content":{"rendered":"\t\t<div data-elementor-type=\"wp-post\" data-elementor-id=\"8743\" class=\"elementor elementor-8743 elementor-4370\">\n\t\t\t\t<div class=\"elementor-element elementor-element-2353570d e-flex e-con-boxed e-con e-parent\" data-id=\"2353570d\" data-element_type=\"container\">\n\t\t\t\t\t<div class=\"e-con-inner\">\n\t\t<div class=\"elementor-element elementor-element-37f3095 e-con-full e-flex e-con e-child\" data-id=\"37f3095\" data-element_type=\"container\">\n\t\t\t\t<div class=\"elementor-element elementor-element-cded005 elementor-widget elementor-widget-nasa-icon-box\" data-id=\"cded005\" data-element_type=\"widget\" data-widget_type=\"nasa-icon-box.default\">\n\t\t\t\t<div class=\"elementor-widget-container\">\n\t\t\t\t\t    <div class=\"nasa-icon-box\">\r\n        <div class=\"box nasa-flex flex-column jc text-center\">\r\n            <div class=\"box-img nasa-flex jc\"><img decoding=\"async\" src=\"https:\/\/airgearpro.com\/wp-content\/uploads\/2025\/04\/Icon_Reutilisable.avif\" alt=\"Wiederverwendbar\" width=\"150\" height=\"150\" \/><\/div>            \r\n            <div class=\"box-text\">\r\n                                    <span class=\"box-title fs-22 nasa-bold margin-bottom-10 nasa-block\">\r\n                        Wiederverwendbar                    <\/span>\r\n                                                    <p class=\"box-desc\">\r\n                        Sparen Sie Geld und schonen Sie gleichzeitig den Planeten. Das Design unserer Maske mit austauschbaren Filtern erm\u00f6glicht es Ihnen, die Filterkartuschen zu ersetzen, wenn sie das Ende ihrer Lebensdauer erreichen, und die Maske weiterhin mit optimaler Filterleistung zu verwenden.                     <\/p>\r\n                            <\/div>\r\n        <\/div>\r\n    <\/div>\r\n    \t\t\t\t<\/div>\n\t\t\t\t<\/div>\n\t\t\t\t<\/div>\n\t\t<div class=\"elementor-element elementor-element-293d71a1 e-con-full e-flex e-con e-child\" data-id=\"293d71a1\" data-element_type=\"container\">\n\t\t\t\t<div class=\"elementor-element elementor-element-63f973d2 elementor-widget elementor-widget-nasa-icon-box\" data-id=\"63f973d2\" data-element_type=\"widget\" data-widget_type=\"nasa-icon-box.default\">\n\t\t\t\t<div class=\"elementor-widget-container\">\n\t\t\t\t\t    <div class=\"nasa-icon-box\">\r\n        <div class=\"box nasa-flex flex-column jc text-center\">\r\n            <div class=\"box-img nasa-flex jc\"><img decoding=\"async\" src=\"https:\/\/airgearpro.com\/wp-content\/uploads\/2025\/04\/Icon_Protection.avif\" alt=\"Optimaler Schutz\" width=\"150\" height=\"150\" \/><\/div>            \r\n            <div class=\"box-text\">\r\n                                    <span class=\"box-title fs-22 nasa-bold margin-bottom-10 nasa-block\">\r\n                        Optimaler Schutz                    <\/span>\r\n                                                    <p class=\"box-desc\">\r\n                        Entwickelt mit einem P2-Filtersystem der Klasse, um Ihnen Schutz vor Partikeln und Fl\u00fcssigkeiten zu garantieren. Der P2-Staubfilter filtert mindestens 94 % der Partikel aus der Luft.                     <\/p>\r\n                            <\/div>\r\n        <\/div>\r\n    <\/div>\r\n    \t\t\t\t<\/div>\n\t\t\t\t<\/div>\n\t\t\t\t<\/div>\n\t\t<div class=\"elementor-element elementor-element-48c03fa8 e-con-full e-flex e-con e-child\" data-id=\"48c03fa8\" data-element_type=\"container\">\n\t\t\t\t<div class=\"elementor-element elementor-element-1ebde8ea elementor-widget elementor-widget-nasa-icon-box\" data-id=\"1ebde8ea\" data-element_type=\"widget\" data-widget_type=\"nasa-icon-box.default\">\n\t\t\t\t<div class=\"elementor-widget-container\">\n\t\t\t\t\t    <div class=\"nasa-icon-box\">\r\n        <div class=\"box nasa-flex flex-column jc text-center\">\r\n            <div class=\"box-img nasa-flex jc\"><img decoding=\"async\" src=\"https:\/\/airgearpro.com\/wp-content\/uploads\/2025\/04\/Icon_confort.avif\" alt=\"Tragekomfort\" width=\"150\" height=\"150\" \/><\/div>            \r\n            <div class=\"box-text\">\r\n                                    <span class=\"box-title fs-22 nasa-bold margin-bottom-10 nasa-block\">\r\n                        Tragekomfort                    <\/span>\r\n                                                    <p class=\"box-desc\">\r\n                        Durch die Kombination aus einer leichten Struktur, verstellbaren Riemen und der Verwendung von hautfreundlichen Qualit\u00e4tsmaterialien ist diese Maske ideal f\u00fcr lange Arbeitssitzungen, da sie Sie nicht erm\u00fcden wird.                    <\/p>\r\n                            <\/div>\r\n        <\/div>\r\n    <\/div>\r\n    \t\t\t\t<\/div>\n\t\t\t\t<\/div>\n\t\t\t\t<\/div>\n\t\t<div class=\"elementor-element elementor-element-12a4f768 e-con-full e-flex e-con e-child\" data-id=\"12a4f768\" data-element_type=\"container\">\n\t\t\t\t<div class=\"elementor-element elementor-element-4d11016a elementor-widget elementor-widget-nasa-icon-box\" data-id=\"4d11016a\" data-element_type=\"widget\" data-widget_type=\"nasa-icon-box.default\">\n\t\t\t\t<div class=\"elementor-widget-container\">\n\t\t\t\t\t    <div class=\"nasa-icon-box\">\r\n        <div class=\"box nasa-flex flex-column jc text-center\">\r\n            <div class=\"box-img nasa-flex jc\"><img loading=\"lazy\" decoding=\"async\" src=\"https:\/\/airgearpro.com\/wp-content\/uploads\/2025\/04\/Applications.avif\" alt=\"Einfache Montage und Handhabung\" width=\"150\" height=\"150\" \/><\/div>            \r\n            <div class=\"box-text\">\r\n                                    <span class=\"box-title fs-22 nasa-bold margin-bottom-10 nasa-block\">\r\n                        Einfache Montage und Handhabung                    <\/span>\r\n                                                    <p class=\"box-desc\">\r\n                        Bedienungsanleitung auf Franz\u00f6sisch mit klaren Anweisungen und Sicherheitshinweisen.                    <\/p>\r\n                            <\/div>\r\n        <\/div>\r\n    <\/div>\r\n    \t\t\t\t<\/div>\n\t\t\t\t<\/div>\n\t\t\t\t<\/div>\n\t\t\t\t\t<\/div>\n\t\t\t\t<\/div>\n\t\t\t\t<\/div>\n\t\t","protected":false},"excerpt":{"rendered":"<p><span class=\"a-list-item\"><strong>LANGANHALTENDER KOMFORT:<\/strong> Durch die Kombination aus leichter Struktur, verstellbaren Riemen und der Verwendung hochwertiger, hautfreundlicher Materialien ist diese Maske ideal f\u00fcr lange Arbeitseins\u00e4tze, da sie nicht erm\u00fcdend wirkt.<\/span><\/p>\n<p><span class=\"a-list-item\"><strong>WIEDERVERWENDBARE MASKE:<\/strong> Sparen Sie Geld und schonen Sie gleichzeitig den Planeten. Das Design unserer Maske mit austauschbaren Filtern erm\u00f6glicht es Ihnen, Kartuschen am Ende ihrer Lebensdauer zu ersetzen und die Maske weiterhin mit optimaler Filtration zu verwenden.<\/span><\/p>\n<p><span class=\"a-list-item\"><strong>Schutz:<\/strong> Der P2-Staubfilter filtert mindestens 94 % der in der Luft schwebenden Partikel.<\/span><\/p>\n","protected":false},"featured_media":8757,"comment_status":"open","ping_status":"closed","template":"","meta":[],"product_brand":[],"product_cat":[253,254],"product_tag":[],"class_list":{"0":"post-8743","1":"product","2":"type-product","3":"status-publish","4":"has-post-thumbnail","6":"product_cat-alle-produkte","7":"product_cat-staubmasken","8":"tm-no-options","10":"first","11":"instock","12":"taxable","13":"shipping-taxable","14":"purchasable","15":"product-type-simple"},"_links":{"self":[{"href":"https:\/\/airgearpro.com\/de\/wp-json\/wp\/v2\/product\/8743","targetHints":{"allow":["GET"]}}],"collection":[{"href":"https:\/\/airgearpro.com\/de\/wp-json\/wp\/v2\/product"}],"about":[{"href":"https:\/\/airgearpro.com\/de\/wp-json\/wp\/v2\/types\/product"}],"replies":[{"embeddable":true,"href":"https:\/\/airgearpro.com\/de\/wp-json\/wp\/v2\/comments?post=8743"}],"version-history":[{"count":2,"href":"https:\/\/airgearpro.com\/de\/wp-json\/wp\/v2\/product\/8743\/revisions"}],"predecessor-version":[{"id":16318,"href":"https:\/\/airgearpro.com\/de\/wp-json\/wp\/v2\/product\/8743\/revisions\/16318"}],"wp:featuredmedia":[{"embeddable":true,"href":"https:\/\/airgearpro.com\/de\/wp-json\/wp\/v2\/media\/8757"}],"wp:attachment":[{"href":"https:\/\/airgearpro.com\/de\/wp-json\/wp\/v2\/media?parent=8743"}],"wp:term":[{"taxonomy":"product_brand","embeddable":true,"href":"https:\/\/airgearpro.com\/de\/wp-json\/wp\/v2\/product_brand?post=8743"},{"taxonomy":"product_cat","embeddable":true,"href":"https:\/\/airgearpro.com\/de\/wp-json\/wp\/v2\/product_cat?post=8743"},{"taxonomy":"product_tag","embeddable":true,"href":"https:\/\/airgearpro.com\/de\/wp-json\/wp\/v2\/product_tag?post=8743"}],"curies":[{"name":"wp","href":"https:\/\/api.w.org\/{rel}","templated":true}]}}