{"id":9073,"date":"2025-03-22T13:27:46","date_gmt":"2025-03-22T17:27:46","guid":{"rendered":"https:\/\/378f167d76.nxcli.io\/privacy-policy\/"},"modified":"2025-10-02T01:54:04","modified_gmt":"2025-10-02T05:54:04","slug":"privacy-policy","status":"publish","type":"page","link":"https:\/\/airgearpro.com\/de\/privacy-policy\/","title":{"rendered":"Datenschutzrichtlinie"},"content":{"rendered":"\t\t<div data-elementor-type=\"wp-page\" data-elementor-id=\"9073\" class=\"elementor elementor-9073 elementor-3\">\n\t\t\t\t<div class=\"elementor-element elementor-element-6566c593 e-flex e-con-boxed e-con e-parent\" data-id=\"6566c593\" data-element_type=\"container\">\n\t\t\t\t\t<div class=\"e-con-inner\">\n\t\t\t\t<div class=\"elementor-element elementor-element-171ccf88 elementor-widget elementor-widget-text-editor\" data-id=\"171ccf88\" data-element_type=\"widget\" data-widget_type=\"text-editor.default\">\n\t\t\t\t<div class=\"elementor-widget-container\">\n\t\t\t\t\t\t\t\t\t<p>In dieser Datenschutzrichtlinie wird beschrieben, wie Ihre pers\u00f6nlichen Daten erfasst, verwendet und weitergegeben werden, wenn Sie www.airgearpro.com (die \u201eWebsite\u201c) besuchen oder dort einen Kauf t\u00e4tigen.<\/p><p><strong>ERFASSTE PERSONENBEZOGENE DATEN<br>Wenn Sie die Website besuchen, erfassen wir automatisch bestimmte Informationen \u00fcber Ihr Ger\u00e4t, einschlie\u00dflich Informationen \u00fcber Ihren Webbrowser, Ihre IP-Adresse, Ihre Zeitzone und einige der auf Ihrem Ger\u00e4t installierten Cookies. Wenn Sie auf der Website surfen, erfassen wir au\u00dferdem Informationen \u00fcber die einzelnen Webseiten oder Produkte, die Sie sich ansehen, welche Webseiten oder Suchbegriffe Sie auf die Website verwiesen haben, und Informationen dar\u00fcber, wie Sie mit der Website interagieren. Wir bezeichnen diese automatisch erfassten Informationen als \u201eGer\u00e4teinformationen\u201c.<\/strong>  <\/p><p>Wir erfassen Ger\u00e4teinformationen mithilfe der folgenden Technologien:<\/p><p>&#8211; \u201eCookies\u201c sind Datendateien, die auf Ihrem Ger\u00e4t oder Computer platziert werden und oft eine anonyme eindeutige Kennung enthalten. Hier ist eine Liste der von uns verwendeten Cookies. Wir haben sie hier aufgelistet, damit Sie die M\u00f6glichkeit haben, zu w\u00e4hlen, ob Sie sie zulassen m\u00f6chten oder nicht.  <br>&#8211; _session_id, eindeutige Sitzungskennung, erm\u00f6glicht es Shopify, Informationen \u00fcber Ihre Sitzung zu speichern (Referrer, Landingpage usw.).<br>&#8211; _shopify_visit, keine Daten gespeichert, besteht 30 Minuten ab dem letzten Besuch, wird vom internen Statistik-Tracker unseres Website-Anbieters verwendet, um die Anzahl der Besuche zu erfassen.<br>&#8211; _shopify_uniq, keine Daten gespeichert, l\u00e4uft um Mitternacht (abh\u00e4ngig vom Standort des Besuchers) des n\u00e4chsten Tages ab, z\u00e4hlt die Anzahl der Besuche eines Shops durch einen einzelnen Kunden.<br>&#8211; cart, eindeutige Kennung, besteht f\u00fcr 2 Wochen, speichert Informationen \u00fcber Ihren Warenkorb.<br>&#8211; _secure_session_id, eindeutige Sitzungskennung<br>&#8211; storefront_digest, eindeutige Kennung, undefiniert, wenn der Shop ein Passwort hat, wird verwendet, um festzustellen, ob der aktuelle Besucher Zugriff hat.<\/p><p>&#8211; \u201eProtokolldateien\u201c verfolgen Aktionen, die auf der Website stattfinden, und erfassen Daten wie Ihre IP-Adresse, Ihren Browsertyp, Ihren Internetdienstanbieter, verweisende\/Exit-Seiten und Datums-\/Zeitstempel.<br>&#8211; \u201eWeb Beacons\u201c, \u201eTags\u201c und \u201ePixel\u201c sind elektronische Dateien, die verwendet werden, um Informationen dar\u00fcber aufzuzeichnen, wie Sie auf der Website surfen.<\/p><p>Wenn Sie einen Kauf \u00fcber die Website t\u00e4tigen oder versuchen, einen Kauf zu t\u00e4tigen, erfassen wir au\u00dferdem bestimmte Informationen von Ihnen, einschlie\u00dflich Ihres Namens, Ihrer Rechnungsadresse, Ihrer Lieferadresse, Ihrer Zahlungsinformationen (einschlie\u00dflich Kreditkartennummern und anderer akzeptierter Zahlungsmethoden), Ihrer E-Mail-Adresse und Ihrer Telefonnummer. Wir bezeichnen diese Informationen als \u201eBestellinformationen\u201c. <\/p><p>Wenn wir in dieser Datenschutzrichtlinie von \u201epersonenbezogenen Daten\u201c sprechen, beziehen wir uns sowohl auf Ger\u00e4teinformationen als auch auf Bestellinformationen.<\/p><p><strong>WIE VERWENDEN WIR IHRE PERSONENBEZOGENEN DATEN?<br><\/strong>Im Allgemeinen verwenden wir die Bestellinformationen, die wir erfassen, um alle \u00fcber die Website aufgegebenen Bestellungen zu erf\u00fcllen (einschlie\u00dflich der Verarbeitung Ihrer Zahlungsinformationen, der Organisation des Versands und der Bereitstellung von Rechnungen und\/oder Bestellbest\u00e4tigungen). Dar\u00fcber hinaus verwenden wir diese Bestellinformationen, um:<br>&#8211; mit Ihnen zu kommunizieren;<br>&#8211; auf potenzielle Risiken oder Betrug zu pr\u00fcfen; und<br>&#8211; Ihnen in \u00dcbereinstimmung mit den Pr\u00e4ferenzen, die Sie uns mitgeteilt haben, Informationen oder Werbung in Bezug auf unsere Produkte oder Dienstleistungen zukommen zu lassen. <\/p><p>Wir verwenden die von uns erfassten Ger\u00e4teinformationen, um potenzielle Risiken und Betrugsf\u00e4lle aufzudecken (insbesondere Ihre IP-Adresse) und um unsere Website im Allgemeinen zu verbessern und zu optimieren (z. B. durch die Erstellung von Analysen dar\u00fcber, wie unsere Kunden auf der Website surfen und mit ihr interagieren, und um den Erfolg unserer Marketing- und Werbekampagnen zu bewerten).<\/p><p><strong>WEITERGABE IHRER PERSONENBEZOGENEN DATEN<br>Wir geben Ihre personenbezogenen Daten an Dritte weiter, damit diese uns bei der Nutzung f\u00fcr die oben beschriebenen Zwecke helfen. Wir nutzen beispielsweise Shopify, um unseren Online-Shop zu betreiben. Weitere Informationen dar\u00fcber, wie Shopify Ihre personenbezogenen Daten verwendet, finden Sie hier: https:\/\/www.shopify.fr\/legal\/confidentialite. Wir verwenden auch Google Analytics, um zu verstehen, wie unsere Kunden die Website nutzen. Weitere Informationen dar\u00fcber, wie Google Ihre personenbezogenen Daten verwendet, finden Sie hier: https:\/\/www.google.com\/intl\/fr\/policies\/privacy\/. Sie k\u00f6nnen Google Analytics auch hier deaktivieren: https:\/\/tools.google.com\/dlpage\/gaoptout.<\/strong> <\/p><p>Schlie\u00dflich k\u00f6nnen wir Ihre personenbezogenen Daten auch weitergeben, um geltende Gesetze und Vorschriften einzuhalten, um auf eine Vorladung, einen Durchsuchungsbefehl oder eine andere rechtm\u00e4\u00dfige Anfrage nach Informationen zu reagieren, die wir erhalten, oder um anderweitig unsere Rechte zu sch\u00fctzen.<\/p><p><strong>VERHALTENSBEZOGENE WERBUNG<br>Wie oben beschrieben, verwenden wir Ihre personenbezogenen Daten, um Ihnen gezielte Werbung oder Marketingmitteilungen zukommen zu lassen, von denen wir glauben, dass sie f\u00fcr Sie von Interesse sein k\u00f6nnten. Weitere Informationen dar\u00fcber, wie gezielte Werbung funktioniert, finden Sie auf der Bildungsseite der Network Advertising Initiative (NAI) unter http:\/\/www.networkadvertising.org\/understanding-online-advertising\/how-does-it-work.<\/strong> <\/p><p>Sie k\u00f6nnen gezielte Werbung hier deaktivieren:<br>&#8211; FACEBOOK \u2013 https:\/\/www.facebook.com\/settings\/?tab=ads<br>&#8211; GOOGLE \u2013 https:\/\/www.google.com\/settings\/ads\/anonymous<br>&#8211; BING \u2013 https:\/\/about.ads.microsoft.com\/fr-fr\/ressources\/politiques\/annonces-personnalisees<\/p><p>Dar\u00fcber hinaus k\u00f6nnen Sie einige dieser Dienste deaktivieren, indem Sie das Opt-out-Portal der Digital Advertising Alliance unter folgender Adresse besuchen: https:\/\/optout.aboutads.info\/?c=3&amp;lang=fr.<\/p><p><strong>NICHT VERFOLGEN<br>Bitte beachten Sie, dass wir die Datenerfassungs- und Nutzungspraktiken unserer Website nicht \u00e4ndern, wenn wir ein \u201eDo Not Track\u201c-Signal von Ihrem Browser erkennen.<\/strong><\/p><p><strong>IHRE RECHTE<br>Wenn Sie in Europa ans\u00e4ssig sind, haben Sie das Recht, auf die personenbezogenen Daten zuzugreifen, die wir \u00fcber Sie gespeichert haben, und zu verlangen, dass Ihre Daten korrigiert, aktualisiert oder gel\u00f6scht werden. Wenn Sie dieses Recht aus\u00fcben m\u00f6chten, kontaktieren Sie uns bitte unter den unten angegebenen Kontaktdaten.<\/strong> <\/p><p>Wenn Sie in Europa ans\u00e4ssig sind, weisen wir au\u00dferdem darauf hin, dass wir Ihre Daten verarbeiten, um Vertr\u00e4ge zu erf\u00fcllen, die wir m\u00f6glicherweise mit Ihnen haben (z. B. wenn Sie eine Bestellung \u00fcber die Website aufgeben), oder um unsere oben genannten legitimen Gesch\u00e4ftsinteressen zu verfolgen. Bitte beachten Sie auch, dass Ihre Daten au\u00dferhalb Europas \u00fcbertragen werden, auch nach Kanada und in die Vereinigten Staaten. <\/p><p><strong>DATENSPEICHERUNG<br>Wenn Sie eine Bestellung \u00fcber die Website aufgeben, speichern wir Ihre Bestellinformationen in unseren Aufzeichnungen, bis Sie uns auffordern, diese Informationen zu l\u00f6schen.<\/strong><\/p><p><strong>MINDERJ\u00c4HRIGE<br>Die Website ist nicht f\u00fcr Personen unter 18 Jahren bestimmt.<\/strong><\/p><p><strong>\u00c4NDERUNGEN<br>Wir k\u00f6nnen diese Datenschutzrichtlinie von Zeit zu Zeit aktualisieren, um beispielsweise \u00c4nderungen unserer Praktiken oder andere betriebliche, rechtliche oder regulatorische Gr\u00fcnde widerzuspiegeln.<\/strong><\/p><p><strong>KONTAKTAUFNAHME<br>Wenn Sie weitere Informationen \u00fcber unsere Datenschutzpraktiken w\u00fcnschen, Fragen haben oder eine Beschwerde einreichen m\u00f6chten, kontaktieren Sie uns bitte per E-Mail unter contact@airgearpro.com oder per Post unter den unten angegebenen Daten: Airgearpro Fzco,<br>Dubai Silicon Oasis, DDP,<br>Building A1, Unit 001,<br>Dubai, UAE.<\/strong><\/p>\t\t\t\t\t\t\t\t<\/div>\n\t\t\t\t<\/div>\n\t\t\t\t\t<\/div>\n\t\t\t\t<\/div>\n\t\t\t\t<\/div>\n\t\t","protected":false},"excerpt":{"rendered":"<p>In dieser Datenschutzrichtlinie wird beschrieben, wie Ihre pers\u00f6nlichen Daten erfasst, verwendet und weitergegeben werden, wenn Sie www.airgearpro.com (die \u201eWebsite\u201c) besuchen oder dort einen Kauf t\u00e4tigen. ERFASSTE PERSONENBEZOGENE DATENWenn Sie die Website besuchen, erfassen wir automatisch bestimmte Informationen \u00fcber Ihr Ger\u00e4t, einschlie\u00dflich Informationen \u00fcber Ihren Webbrowser, Ihre IP-Adresse, Ihre Zeitzone und einige der auf Ihrem Ger\u00e4t [&hellip;]<\/p>\n","protected":false},"author":1,"featured_media":0,"parent":0,"menu_order":0,"comment_status":"closed","ping_status":"open","template":"","meta":{"footnotes":""},"class_list":["post-9073","page","type-page","status-publish","hentry"],"_links":{"self":[{"href":"https:\/\/airgearpro.com\/de\/wp-json\/wp\/v2\/pages\/9073","targetHints":{"allow":["GET"]}}],"collection":[{"href":"https:\/\/airgearpro.com\/de\/wp-json\/wp\/v2\/pages"}],"about":[{"href":"https:\/\/airgearpro.com\/de\/wp-json\/wp\/v2\/types\/page"}],"author":[{"embeddable":true,"href":"https:\/\/airgearpro.com\/de\/wp-json\/wp\/v2\/users\/1"}],"replies":[{"embeddable":true,"href":"https:\/\/airgearpro.com\/de\/wp-json\/wp\/v2\/comments?post=9073"}],"version-history":[{"count":1,"href":"https:\/\/airgearpro.com\/de\/wp-json\/wp\/v2\/pages\/9073\/revisions"}],"predecessor-version":[{"id":9074,"href":"https:\/\/airgearpro.com\/de\/wp-json\/wp\/v2\/pages\/9073\/revisions\/9074"}],"wp:attachment":[{"href":"https:\/\/airgearpro.com\/de\/wp-json\/wp\/v2\/media?parent=9073"}],"curies":[{"name":"wp","href":"https:\/\/api.w.org\/{rel}","templated":true}]}}