{"id":8692,"date":"2019-10-21T07:35:49","date_gmt":"2019-10-21T11:35:49","guid":{"rendered":"https:\/\/378f167d76.nxcli.io\/about-us\/"},"modified":"2025-10-02T01:52:53","modified_gmt":"2025-10-02T05:52:53","slug":"about-us","status":"publish","type":"page","link":"https:\/\/airgearpro.com\/de\/about-us\/","title":{"rendered":"\u00dcber uns"},"content":{"rendered":"\t\t<div data-elementor-type=\"wp-page\" data-elementor-id=\"8692\" class=\"elementor elementor-8692 elementor-3051\">\n\t\t\t\t<div class=\"elementor-element elementor-element-1d78268 e-flex e-con-boxed e-con e-parent\" data-id=\"1d78268\" data-element_type=\"container\">\n\t\t\t\t\t<div class=\"e-con-inner\">\n\t\t<div class=\"elementor-element elementor-element-b28ad24 e-con-full e-flex e-con e-child\" data-id=\"b28ad24\" data-element_type=\"container\">\n\t\t\t\t<div class=\"elementor-element elementor-element-5ec4577 elementor-widget elementor-widget-heading\" data-id=\"5ec4577\" data-element_type=\"widget\" data-widget_type=\"heading.default\">\n\t\t\t\t<div class=\"elementor-widget-container\">\n\t\t\t\t\t<h2 class=\"elementor-heading-title elementor-size-default\">Unsere Mission<\/h2>\t\t\t\t<\/div>\n\t\t\t\t<\/div>\n\t\t\t\t<div class=\"elementor-element elementor-element-54790f4 elementor-widget elementor-widget-text-editor\" data-id=\"54790f4\" data-element_type=\"widget\" data-widget_type=\"text-editor.default\">\n\t\t\t\t<div class=\"elementor-widget-container\">\n\t\t\t\t\t\t\t\t\t<p>Bei AirGearPro ist unsere Mission einfach: <strong>hochleistungsf\u00e4hige Schutzausr\u00fcstung zu entwickeln und zu liefern, die Menschen bef\u00e4higt, sicher zu bauen, zu gestalten und zu arbeiten<\/strong>. Wir verbinden <strong>Innovation, Sicherheit und Nachhaltigkeit<\/strong>, um zuverl\u00e4ssige Ausr\u00fcstung anzubieten, die nicht nur sch\u00fctzt, sondern auch den Planeten respektiert. <\/p><p>Aus dem Wunsch heraus, die Arbeitsschutzbranche zu revolutionieren, wurde AirGearPro gegr\u00fcndet, um <strong>Transparenz, durchdachtes Design und umweltbewusste L\u00f6sungen<\/strong> sowohl Profis als auch Heimwerkern zug\u00e4nglich zu machen.<\/p><p>Ob Sie Holz schleifen, W\u00e4nde streichen, Chemikalien handhaben oder in einer anspruchsvollen Industrieumgebung arbeiten, unser Ziel ist es, Ihnen Ausr\u00fcstung zur Verf\u00fcgung zu stellen, die <strong>einfach zu bedienen, angenehm zu tragen und robust genug f\u00fcr jede Aufgabe<\/strong> ist \u2013 damit Sie sich auf das Wesentliche konzentrieren k\u00f6nnen: Ihre Arbeit.<\/p>\t\t\t\t\t\t\t\t<\/div>\n\t\t\t\t<\/div>\n\t\t\t\t<\/div>\n\t\t<div class=\"elementor-element elementor-element-dec2e8e e-con-full e-flex e-con e-child\" data-id=\"dec2e8e\" data-element_type=\"container\">\n\t\t\t\t<div class=\"elementor-element elementor-element-62f616b elementor-widget elementor-widget-image\" data-id=\"62f616b\" data-element_type=\"widget\" data-widget_type=\"image.default\">\n\t\t\t\t<div class=\"elementor-widget-container\">\n\t\t\t\t\t\t\t\t\t\t\t\t\t\t\t<img fetchpriority=\"high\" decoding=\"async\" width=\"1024\" height=\"1024\" src=\"https:\/\/airgearpro.com\/wp-content\/uploads\/2025\/09\/Our_mission.png\" class=\"attachment-full size-full wp-image-8696\" alt=\"3. Advanced 3D modeling of AirGearPro protective gear, including helmets, goggles, and boots, showcased through futuristic digital holograms for innovative outdoor safety solutions.\" srcset=\"https:\/\/airgearpro.com\/wp-content\/uploads\/2025\/09\/Our_mission.png 1024w, https:\/\/airgearpro.com\/wp-content\/uploads\/2025\/09\/Our_mission-300x300.png 300w, https:\/\/airgearpro.com\/wp-content\/uploads\/2025\/09\/Our_mission-595x595.png 595w, https:\/\/airgearpro.com\/wp-content\/uploads\/2025\/09\/Our_mission-150x150.png 150w, https:\/\/airgearpro.com\/wp-content\/uploads\/2025\/09\/Our_mission-768x768.png 768w, https:\/\/airgearpro.com\/wp-content\/uploads\/2025\/09\/Our_mission-120x120.png 120w, https:\/\/airgearpro.com\/wp-content\/uploads\/2025\/09\/Our_mission-380x380.png 380w, https:\/\/airgearpro.com\/wp-content\/uploads\/2025\/09\/Our_mission-450x450.png 450w, https:\/\/airgearpro.com\/wp-content\/uploads\/2025\/09\/Our_mission-350x350.png 350w, https:\/\/airgearpro.com\/wp-content\/uploads\/2025\/09\/Our_mission-100x100.png 100w\" sizes=\"(max-width: 1024px) 100vw, 1024px\" \/>\t\t\t\t\t\t\t\t\t\t\t\t\t\t\t<\/div>\n\t\t\t\t<\/div>\n\t\t\t\t<\/div>\n\t\t\t\t\t<\/div>\n\t\t\t\t<\/div>\n\t\t<div class=\"elementor-element elementor-element-e3cfa48 e-flex e-con-boxed e-con e-parent\" data-id=\"e3cfa48\" data-element_type=\"container\">\n\t\t\t\t\t<div class=\"e-con-inner\">\n\t\t<div class=\"elementor-element elementor-element-c808b21 e-con-full e-flex e-con e-child\" data-id=\"c808b21\" data-element_type=\"container\">\n\t\t\t\t<div class=\"elementor-element elementor-element-fe6d455 elementor-widget elementor-widget-image\" data-id=\"fe6d455\" data-element_type=\"widget\" data-widget_type=\"image.default\">\n\t\t\t\t<div class=\"elementor-widget-container\">\n\t\t\t\t\t\t\t\t\t\t\t\t\t\t\t<img decoding=\"async\" width=\"2136\" height=\"1200\" src=\"https:\/\/airgearpro.com\/wp-content\/uploads\/2025\/09\/WhoWeServe-scaled.jpg\" class=\"attachment-full size-full wp-image-8697\" alt=\"High-quality safety helmets and protective gear for construction workers, showcasing OSHA standards, for optimal job site safety and compliance.\" srcset=\"https:\/\/airgearpro.com\/wp-content\/uploads\/2025\/09\/WhoWeServe-scaled.jpg 2136w, https:\/\/airgearpro.com\/wp-content\/uploads\/2025\/09\/WhoWeServe-350x197.jpg 350w, https:\/\/airgearpro.com\/wp-content\/uploads\/2025\/09\/WhoWeServe-595x334.jpg 595w, https:\/\/airgearpro.com\/wp-content\/uploads\/2025\/09\/WhoWeServe-150x84.jpg 150w, https:\/\/airgearpro.com\/wp-content\/uploads\/2025\/09\/WhoWeServe-768x431.jpg 768w, https:\/\/airgearpro.com\/wp-content\/uploads\/2025\/09\/WhoWeServe-1536x863.jpg 1536w, https:\/\/airgearpro.com\/wp-content\/uploads\/2025\/09\/WhoWeServe-2048x1150.jpg 2048w, https:\/\/airgearpro.com\/wp-content\/uploads\/2025\/09\/WhoWeServe-450x253.jpg 450w\" sizes=\"(max-width: 2136px) 100vw, 2136px\" \/>\t\t\t\t\t\t\t\t\t\t\t\t\t\t\t<\/div>\n\t\t\t\t<\/div>\n\t\t\t\t<\/div>\n\t\t<div class=\"elementor-element elementor-element-fee62fa e-con-full e-flex e-con e-child\" data-id=\"fee62fa\" data-element_type=\"container\">\n\t\t\t\t<div class=\"elementor-element elementor-element-ee81b37 elementor-widget elementor-widget-heading\" data-id=\"ee81b37\" data-element_type=\"widget\" data-widget_type=\"heading.default\">\n\t\t\t\t<div class=\"elementor-widget-container\">\n\t\t\t\t\t<h2 class=\"elementor-heading-title elementor-size-default\">Wen wir bedienen<\/h2>\t\t\t\t<\/div>\n\t\t\t\t<\/div>\n\t\t\t\t<div class=\"elementor-element elementor-element-e9dc64d elementor-widget elementor-widget-text-editor\" data-id=\"e9dc64d\" data-element_type=\"widget\" data-widget_type=\"text-editor.default\">\n\t\t\t\t<div class=\"elementor-widget-container\">\n\t\t\t\t\t\t\t\t\t<p>Wir sind stolz darauf, eine wachsende Gemeinschaft von engagierten Einzelpersonen und Fachleuten zu unterst\u00fctzen \u2013 <strong>Handwerker, Maler, Schreiner, Bauarbeiter und Macher<\/strong> \u2013, die jeden Tag Ideen zum Leben erwecken. Sie sind f\u00fcr uns nicht nur Kunden; Sie sind <strong>Sch\u00f6pfer, Erbauer und Tr\u00e4umer<\/strong>, und wir sind hier, um Sie zu unterst\u00fctzen. <\/p>\t\t\t\t\t\t\t\t<\/div>\n\t\t\t\t<\/div>\n\t\t\t\t<\/div>\n\t\t\t\t\t<\/div>\n\t\t\t\t<\/div>\n\t\t<div class=\"elementor-element elementor-element-0c4f444 e-flex e-con-boxed e-con e-parent\" data-id=\"0c4f444\" data-element_type=\"container\">\n\t\t\t\t\t<div class=\"e-con-inner\">\n\t\t\t\t<div class=\"elementor-element elementor-element-7154e3e elementor-widget elementor-widget-heading\" data-id=\"7154e3e\" data-element_type=\"widget\" data-widget_type=\"heading.default\">\n\t\t\t\t<div class=\"elementor-widget-container\">\n\t\t\t\t\t<h2 class=\"elementor-heading-title elementor-size-default\">Was uns unterscheidet<\/h2>\t\t\t\t<\/div>\n\t\t\t\t<\/div>\n\t\t\t\t\t<\/div>\n\t\t\t\t<\/div>\n\t\t<div class=\"elementor-element elementor-element-31758d9 e-flex e-con-boxed e-con e-parent\" data-id=\"31758d9\" data-element_type=\"container\">\n\t\t\t\t\t<div class=\"e-con-inner\">\n\t\t<div class=\"elementor-element elementor-element-ce90911 e-con-full e-flex e-con e-child\" data-id=\"ce90911\" data-element_type=\"container\">\n\t\t\t\t<div class=\"elementor-element elementor-element-7dd97b2 elementor-widget elementor-widget-nasa-icon-box\" data-id=\"7dd97b2\" data-element_type=\"widget\" data-widget_type=\"nasa-icon-box.default\">\n\t\t\t\t<div class=\"elementor-widget-container\">\n\t\t\t\t\t    <div class=\"nasa-icon-box\">\r\n        <div class=\"box nasa-flex flex-column jc text-center\">\r\n            <div class=\"box-img nasa-flex jc\"><img decoding=\"async\" src=\"https:\/\/airgearpro.com\/wp-content\/uploads\/2025\/08\/df4.png\" alt=\"Benutzerfreundliches Design\" width=\"64\" height=\"64\" \/><\/div>            \r\n            <div class=\"box-text\">\r\n                                    <span class=\"box-title fs-22 nasa-bold margin-bottom-10 nasa-block\">\r\n                        Benutzerfreundliches Design                    <\/span>\r\n                                                    <p class=\"box-desc\">\r\n                        Unsere Produkte sind auf Komfort, Effizienz und Langlebigkeit ausgelegt.                    <\/p>\r\n                            <\/div>\r\n        <\/div>\r\n    <\/div>\r\n    \t\t\t\t<\/div>\n\t\t\t\t<\/div>\n\t\t\t\t<\/div>\n\t\t<div class=\"elementor-element elementor-element-119557d e-con-full e-flex e-con e-child\" data-id=\"119557d\" data-element_type=\"container\">\n\t\t\t\t<div class=\"elementor-element elementor-element-af85fb0 elementor-widget elementor-widget-nasa-icon-box\" data-id=\"af85fb0\" data-element_type=\"widget\" data-widget_type=\"nasa-icon-box.default\">\n\t\t\t\t<div class=\"elementor-widget-container\">\n\t\t\t\t\t    <div class=\"nasa-icon-box\">\r\n        <div class=\"box nasa-flex flex-column jc text-center\">\r\n            <div class=\"box-img nasa-flex jc\"><img loading=\"lazy\" decoding=\"async\" src=\"https:\/\/airgearpro.com\/wp-content\/uploads\/2025\/08\/e3.png\" alt=\"Schutz in Industriequalit\u00e4t\" width=\"64\" height=\"64\" \/><\/div>            \r\n            <div class=\"box-text\">\r\n                                    <span class=\"box-title fs-22 nasa-bold margin-bottom-10 nasa-block\">\r\n                        Schutz in Industriequalit\u00e4t                    <\/span>\r\n                                                    <p class=\"box-desc\">\r\n                        Zertifiziert nach den h\u00f6chsten Sicherheitsstandards.                    <\/p>\r\n                            <\/div>\r\n        <\/div>\r\n    <\/div>\r\n    \t\t\t\t<\/div>\n\t\t\t\t<\/div>\n\t\t\t\t<\/div>\n\t\t<div class=\"elementor-element elementor-element-14bb799 e-con-full e-flex e-con e-child\" data-id=\"14bb799\" data-element_type=\"container\">\n\t\t\t\t<div class=\"elementor-element elementor-element-2cb6fe1 elementor-widget elementor-widget-nasa-icon-box\" data-id=\"2cb6fe1\" data-element_type=\"widget\" data-widget_type=\"nasa-icon-box.default\">\n\t\t\t\t<div class=\"elementor-widget-container\">\n\t\t\t\t\t    <div class=\"nasa-icon-box\">\r\n        <div class=\"box nasa-flex flex-column jc text-center\">\r\n            <div class=\"box-img nasa-flex jc\"><img loading=\"lazy\" decoding=\"async\" src=\"https:\/\/airgearpro.com\/wp-content\/uploads\/2025\/08\/r4.png\" alt=\"Von Profis gesch\u00e4tzt\" width=\"64\" height=\"64\" \/><\/div>            \r\n            <div class=\"box-text\">\r\n                                    <span class=\"box-title fs-22 nasa-bold margin-bottom-10 nasa-block\">\r\n                        Von Profis gesch\u00e4tzt                    <\/span>\r\n                                                    <p class=\"box-desc\">\r\n                        Wird in verschiedenen Branchen eingesetzt, darunter Bauwesen, Malerei, Fertigung und Bergbau.                    <\/p>\r\n                            <\/div>\r\n        <\/div>\r\n    <\/div>\r\n    \t\t\t\t<\/div>\n\t\t\t\t<\/div>\n\t\t\t\t<\/div>\n\t\t<div class=\"elementor-element elementor-element-e25811c e-con-full e-flex e-con e-child\" data-id=\"e25811c\" data-element_type=\"container\">\n\t\t\t\t<div class=\"elementor-element elementor-element-078c2b4 elementor-widget elementor-widget-nasa-icon-box\" data-id=\"078c2b4\" data-element_type=\"widget\" data-widget_type=\"nasa-icon-box.default\">\n\t\t\t\t<div class=\"elementor-widget-container\">\n\t\t\t\t\t    <div class=\"nasa-icon-box\">\r\n        <div class=\"box nasa-flex flex-column jc text-center\">\r\n            <div class=\"box-img nasa-flex jc\"><img loading=\"lazy\" decoding=\"async\" src=\"https:\/\/airgearpro.com\/wp-content\/uploads\/2025\/08\/w2.jpg\" alt=\"Schneller Versand. Freundlicher Support \" width=\"64\" height=\"64\" \/><\/div>            \r\n            <div class=\"box-text\">\r\n                                    <span class=\"box-title fs-22 nasa-bold margin-bottom-10 nasa-block\">\r\n                        Schneller Versand. Freundlicher Support                     <\/span>\r\n                                                    <p class=\"box-desc\">\r\n                        Wir liefern schnell aus lokalen Lagern und bieten Ihnen echten, hilfreichen Support \u2013 wann immer Sie ihn ben\u00f6tigen.                    <\/p>\r\n                            <\/div>\r\n        <\/div>\r\n    <\/div>\r\n    \t\t\t\t<\/div>\n\t\t\t\t<\/div>\n\t\t\t\t<\/div>\n\t\t\t\t\t<\/div>\n\t\t\t\t<\/div>\n\t\t<div class=\"elementor-element elementor-element-dedfa12 e-flex e-con-boxed e-con e-parent\" data-id=\"dedfa12\" data-element_type=\"container\">\n\t\t\t\t\t<div class=\"e-con-inner\">\n\t\t<div class=\"elementor-element elementor-element-1c3abe9 e-con-full e-flex e-con e-child\" data-id=\"1c3abe9\" data-element_type=\"container\">\n\t\t\t\t<div class=\"elementor-element elementor-element-c0da072 elementor-widget elementor-widget-image\" data-id=\"c0da072\" data-element_type=\"widget\" data-widget_type=\"image.default\">\n\t\t\t\t<div class=\"elementor-widget-container\">\n\t\t\t\t\t\t\t\t\t\t\t\t\t\t\t<img loading=\"lazy\" decoding=\"async\" width=\"1024\" height=\"1024\" src=\"https:\/\/airgearpro.com\/wp-content\/uploads\/2025\/09\/Our-Core-Values.png\" class=\"attachment-full size-full wp-image-8698\" alt=\"High-quality industrial worker wearing safety gear in factory with sparks, industrial safety, steelwork, construction site safety, professional manufacturing environment.\" srcset=\"https:\/\/airgearpro.com\/wp-content\/uploads\/2025\/09\/Our-Core-Values.png 1024w, https:\/\/airgearpro.com\/wp-content\/uploads\/2025\/09\/Our-Core-Values-300x300.png 300w, https:\/\/airgearpro.com\/wp-content\/uploads\/2025\/09\/Our-Core-Values-595x595.png 595w, https:\/\/airgearpro.com\/wp-content\/uploads\/2025\/09\/Our-Core-Values-150x150.png 150w, https:\/\/airgearpro.com\/wp-content\/uploads\/2025\/09\/Our-Core-Values-768x768.png 768w, https:\/\/airgearpro.com\/wp-content\/uploads\/2025\/09\/Our-Core-Values-120x120.png 120w, https:\/\/airgearpro.com\/wp-content\/uploads\/2025\/09\/Our-Core-Values-380x380.png 380w, https:\/\/airgearpro.com\/wp-content\/uploads\/2025\/09\/Our-Core-Values-450x450.png 450w, https:\/\/airgearpro.com\/wp-content\/uploads\/2025\/09\/Our-Core-Values-350x350.png 350w, https:\/\/airgearpro.com\/wp-content\/uploads\/2025\/09\/Our-Core-Values-100x100.png 100w\" sizes=\"(max-width: 1024px) 100vw, 1024px\" \/>\t\t\t\t\t\t\t\t\t\t\t\t\t\t\t<\/div>\n\t\t\t\t<\/div>\n\t\t\t\t<\/div>\n\t\t<div class=\"elementor-element elementor-element-6646cd4 e-con-full e-flex e-con e-child\" data-id=\"6646cd4\" data-element_type=\"container\">\n\t\t\t\t<div class=\"elementor-element elementor-element-6cd40f8 elementor-widget elementor-widget-heading\" data-id=\"6cd40f8\" data-element_type=\"widget\" data-widget_type=\"heading.default\">\n\t\t\t\t<div class=\"elementor-widget-container\">\n\t\t\t\t\t<h2 class=\"elementor-heading-title elementor-size-default\">Unsere Grundwerte<\/h2>\t\t\t\t<\/div>\n\t\t\t\t<\/div>\n\t\t\t\t<div class=\"elementor-element elementor-element-2500ffd elementor-widget elementor-widget-text-editor\" data-id=\"2500ffd\" data-element_type=\"widget\" data-widget_type=\"text-editor.default\">\n\t\t\t\t<div class=\"elementor-widget-container\">\n\t\t\t\t\t\t\t\t\t<p><strong>\ud83d\udee1<\/strong><strong> Sicherheit geht vor<\/strong><br>Ihre Gesundheit ist Ihr gr\u00f6\u00dftes Gut. Deshalb gehen wir bei der Sicherheit keine Kompromisse ein. Jedes Produkt, das wir anbieten, ist getestet, zertifiziert und so konstruiert, dass es maximalen Schutz unter realen Arbeitsbedingungen bietet.  <\/p><p><strong>\u2764\ufe0f<\/strong><strong> Leidenschaft f\u00fcr das Handwerk<\/strong><br>Wir glauben an die Kraft der Menschen, die bauen, gestalten und handwerken. Wir sind hier, um diesen Weg mit <strong>erstklassiger Ausr\u00fcstung<\/strong>, Fachwissen und reaktionsschnellem Service zu unterst\u00fctzen. <\/p><p><strong>\ud83c\udf31<\/strong><strong> Respekt vor der Natur<\/strong><br>Wir setzen uns daf\u00fcr ein, die Umweltbelastung durch <strong>nachhaltige Praktiken<\/strong> und wiederverwendbare Produktlinien zu reduzieren. Sicherheit sollte nicht auf Kosten des Planeten gehen. <\/p>\t\t\t\t\t\t\t\t<\/div>\n\t\t\t\t<\/div>\n\t\t\t\t<\/div>\n\t\t\t\t\t<\/div>\n\t\t\t\t<\/div>\n\t\t<div class=\"elementor-element elementor-element-8a680ab e-flex e-con-boxed e-con e-parent\" data-id=\"8a680ab\" data-element_type=\"container\">\n\t\t\t\t\t<div class=\"e-con-inner\">\n\t\t\t\t<div class=\"elementor-element elementor-element-0ec7b3e elementor-widget elementor-widget-heading\" data-id=\"0ec7b3e\" data-element_type=\"widget\" data-widget_type=\"heading.default\">\n\t\t\t\t<div class=\"elementor-widget-container\">\n\t\t\t\t\t<h2 class=\"elementor-heading-title elementor-size-default\">Nachhaltigkeit in Aktion<\/h2>\t\t\t\t<\/div>\n\t\t\t\t<\/div>\n\t\t\t\t<div class=\"elementor-element elementor-element-ee5c75b elementor-widget elementor-widget-text-editor\" data-id=\"ee5c75b\" data-element_type=\"widget\" data-widget_type=\"text-editor.default\">\n\t\t\t\t<div class=\"elementor-widget-container\">\n\t\t\t\t\t\t\t\t\tWir arbeiten auf die Klimaneutralit\u00e4t bis 2030 hin \u2013 aber wir reden nicht nur, wir handeln:\t\t\t\t\t\t\t\t<\/div>\n\t\t\t\t<\/div>\n\t\t\t\t\t<\/div>\n\t\t\t\t<\/div>\n\t\t<div class=\"elementor-element elementor-element-43b565d e-flex e-con-boxed e-con e-parent\" data-id=\"43b565d\" data-element_type=\"container\">\n\t\t\t\t\t<div class=\"e-con-inner\">\n\t\t<div class=\"elementor-element elementor-element-9d3e7f0 e-con-full e-flex e-con e-child\" data-id=\"9d3e7f0\" data-element_type=\"container\">\n\t\t\t\t<div class=\"elementor-element elementor-element-2a7ca79 elementor-widget__width-initial nasa-radius-55 primary-bg margin-right-25  elementor-widget elementor-widget-wp-widget-nasa_image\" data-id=\"2a7ca79\" data-element_type=\"widget\" data-widget_type=\"wp-widget-nasa_image.default\">\n\t\t\t\t<div class=\"elementor-widget-container\">\n\t\t\t\t\t<div class=\"nasa-image-wrap text-center\"><img loading=\"lazy\" decoding=\"async\" class=\"nasa-image\" src=\"https:\/\/airgearpro.com\/wp-content\/uploads\/2025\/09\/mnk-01.png\" alt=\"\" width=\"62\" height=\"50\" \/><\/div>\t\t\t\t<\/div>\n\t\t\t\t<\/div>\n\t\t\t\t<div class=\"elementor-element elementor-element-ca01733 elementor-widget elementor-widget-heading\" data-id=\"ca01733\" data-element_type=\"widget\" data-widget_type=\"heading.default\">\n\t\t\t\t<div class=\"elementor-widget-container\">\n\t\t\t\t\t<h5 class=\"elementor-heading-title elementor-size-default\">\u00dcber 500.000 Einwegmasken ersetzt<\/h5>\t\t\t\t<\/div>\n\t\t\t\t<\/div>\n\t\t\t\t<\/div>\n\t\t<div class=\"elementor-element elementor-element-31c791d e-con-full e-flex e-con e-child\" data-id=\"31c791d\" data-element_type=\"container\">\n\t\t\t\t<div class=\"elementor-element elementor-element-17cd173 elementor-widget__width-initial nasa-radius-55 primary-bg margin-right-25  elementor-widget elementor-widget-wp-widget-nasa_image\" data-id=\"17cd173\" data-element_type=\"widget\" data-widget_type=\"wp-widget-nasa_image.default\">\n\t\t\t\t<div class=\"elementor-widget-container\">\n\t\t\t\t\t<div class=\"nasa-image-wrap text-center\"><img loading=\"lazy\" decoding=\"async\" class=\"nasa-image\" src=\"https:\/\/airgearpro.com\/wp-content\/uploads\/2025\/09\/bvn-01.png\" alt=\"\" width=\"62\" height=\"50\" \/><\/div>\t\t\t\t<\/div>\n\t\t\t\t<\/div>\n\t\t\t\t<div class=\"elementor-element elementor-element-2366895 elementor-widget elementor-widget-heading\" data-id=\"2366895\" data-element_type=\"widget\" data-widget_type=\"heading.default\">\n\t\t\t\t<div class=\"elementor-widget-container\">\n\t\t\t\t\t<h5 class=\"elementor-heading-title elementor-size-default\">100 % recycelbare &amp; FSC-zertifizierte Verpackung seit 2020<\/h5>\t\t\t\t<\/div>\n\t\t\t\t<\/div>\n\t\t\t\t<\/div>\n\t\t<div class=\"elementor-element elementor-element-9d20ac6 e-con-full e-flex e-con e-child\" data-id=\"9d20ac6\" data-element_type=\"container\">\n\t\t\t\t<div class=\"elementor-element elementor-element-ea01ef9 elementor-widget__width-initial nasa-radius-55 primary-bg margin-right-25  elementor-widget elementor-widget-wp-widget-nasa_image\" data-id=\"ea01ef9\" data-element_type=\"widget\" data-widget_type=\"wp-widget-nasa_image.default\">\n\t\t\t\t<div class=\"elementor-widget-container\">\n\t\t\t\t\t<div class=\"nasa-image-wrap text-center\"><img loading=\"lazy\" decoding=\"async\" class=\"nasa-image\" src=\"https:\/\/airgearpro.com\/wp-content\/uploads\/2025\/09\/wesxx-01.png\" alt=\"\" width=\"62\" height=\"50\" \/><\/div>\t\t\t\t<\/div>\n\t\t\t\t<\/div>\n\t\t\t\t<div class=\"elementor-element elementor-element-02709af elementor-widget elementor-widget-heading\" data-id=\"02709af\" data-element_type=\"widget\" data-widget_type=\"heading.default\">\n\t\t\t\t<div class=\"elementor-widget-container\">\n\t\t\t\t\t<h5 class=\"elementor-heading-title elementor-size-default\"> Wiederverwendbares Filtersystem<\/h5>\t\t\t\t<\/div>\n\t\t\t\t<\/div>\n\t\t\t\t<\/div>\n\t\t<div class=\"elementor-element elementor-element-f67334b e-con-full e-flex e-con e-child\" data-id=\"f67334b\" data-element_type=\"container\">\n\t\t\t\t<div class=\"elementor-element elementor-element-dd86c6b elementor-widget__width-initial nasa-radius-55 primary-bg margin-right-25  elementor-widget elementor-widget-wp-widget-nasa_image\" data-id=\"dd86c6b\" data-element_type=\"widget\" data-widget_type=\"wp-widget-nasa_image.default\">\n\t\t\t\t<div class=\"elementor-widget-container\">\n\t\t\t\t\t<div class=\"nasa-image-wrap text-center\"><img loading=\"lazy\" decoding=\"async\" class=\"nasa-image\" src=\"https:\/\/airgearpro.com\/wp-content\/uploads\/2025\/09\/wqf-01.png\" alt=\"\" width=\"62\" height=\"50\" \/><\/div>\t\t\t\t<\/div>\n\t\t\t\t<\/div>\n\t\t\t\t<div class=\"elementor-element elementor-element-2c7157e elementor-widget elementor-widget-heading\" data-id=\"2c7157e\" data-element_type=\"widget\" data-widget_type=\"heading.default\">\n\t\t\t\t<div class=\"elementor-widget-container\">\n\t\t\t\t\t<h5 class=\"elementor-heading-title elementor-size-default\">Kompensation von Kohlenstoff durch Lieferketten- und Versandinitiativen<\/h5>\t\t\t\t<\/div>\n\t\t\t\t<\/div>\n\t\t\t\t<\/div>\n\t\t\t\t\t<\/div>\n\t\t\t\t<\/div>\n\t\t<div class=\"elementor-element elementor-element-785dca8 e-flex e-con-boxed e-con e-parent\" data-id=\"785dca8\" data-element_type=\"container\">\n\t\t\t\t\t<div class=\"e-con-inner\">\n\t\t\t\t<div class=\"elementor-element elementor-element-f88f42b elementor-widget elementor-widget-heading\" data-id=\"f88f42b\" data-element_type=\"widget\" data-widget_type=\"heading.default\">\n\t\t\t\t<div class=\"elementor-widget-container\">\n\t\t\t\t\t<h2 class=\"elementor-heading-title elementor-size-default\">Gemacht f\u00fcr diejenigen, die es m\u00f6glich machen<\/h2>\t\t\t\t<\/div>\n\t\t\t\t<\/div>\n\t\t\t\t<div class=\"elementor-element elementor-element-d3cb8ea elementor-widget elementor-widget-text-editor\" data-id=\"d3cb8ea\" data-element_type=\"widget\" data-widget_type=\"text-editor.default\">\n\t\t\t\t<div class=\"elementor-widget-container\">\n\t\t\t\t\t\t\t\t\t<p>AirGearPro ist mehr als eine Marke. Es ist eine Mission, eine Gemeinschaft und eine Bewegung, um Schutzausr\u00fcstung intelligenter, nachhaltiger und zug\u00e4nglicher zu machen. Wir sind stolz darauf, Teil Ihrer Reise zu sein.<br>R\u00fcsten Sie sich mit Vertrauen aus. Arbeiten Sie sicherer. Atmen Sie besser. Bauen Sie intelligenter \u2013 mit AirGearPro.     <\/p>\t\t\t\t\t\t\t\t<\/div>\n\t\t\t\t<\/div>\n\t\t\t\t\t<\/div>\n\t\t\t\t<\/div>\n\t\t\t\t<\/div>\n\t\t","protected":false},"excerpt":{"rendered":"<p>Unsere Mission Bei AirGearPro ist unsere Mission einfach: hochleistungsf\u00e4hige Schutzausr\u00fcstung zu entwickeln und zu liefern, die Menschen bef\u00e4higt, sicher zu bauen, zu gestalten und zu arbeiten. Wir verbinden Innovation, Sicherheit und Nachhaltigkeit, um zuverl\u00e4ssige Ausr\u00fcstung anzubieten, die nicht nur sch\u00fctzt, sondern auch den Planeten respektiert. Aus dem Wunsch heraus, die Arbeitsschutzbranche zu revolutionieren, wurde AirGearPro [&hellip;]<\/p>\n","protected":false},"author":1,"featured_media":0,"parent":0,"menu_order":0,"comment_status":"closed","ping_status":"closed","template":"page-visual-composer.php","meta":{"footnotes":""},"class_list":["post-8692","page","type-page","status-publish","hentry"],"_links":{"self":[{"href":"https:\/\/airgearpro.com\/de\/wp-json\/wp\/v2\/pages\/8692","targetHints":{"allow":["GET"]}}],"collection":[{"href":"https:\/\/airgearpro.com\/de\/wp-json\/wp\/v2\/pages"}],"about":[{"href":"https:\/\/airgearpro.com\/de\/wp-json\/wp\/v2\/types\/page"}],"author":[{"embeddable":true,"href":"https:\/\/airgearpro.com\/de\/wp-json\/wp\/v2\/users\/1"}],"replies":[{"embeddable":true,"href":"https:\/\/airgearpro.com\/de\/wp-json\/wp\/v2\/comments?post=8692"}],"version-history":[{"count":1,"href":"https:\/\/airgearpro.com\/de\/wp-json\/wp\/v2\/pages\/8692\/revisions"}],"predecessor-version":[{"id":8699,"href":"https:\/\/airgearpro.com\/de\/wp-json\/wp\/v2\/pages\/8692\/revisions\/8699"}],"wp:attachment":[{"href":"https:\/\/airgearpro.com\/de\/wp-json\/wp\/v2\/media?parent=8692"}],"curies":[{"name":"wp","href":"https:\/\/api.w.org\/{rel}","templated":true}]}}