{"id":8657,"date":"2025-04-07T04:53:18","date_gmt":"2025-04-07T08:53:18","guid":{"rendered":"https:\/\/378f167d76.nxcli.io\/refund-policy\/"},"modified":"2025-10-02T01:51:43","modified_gmt":"2025-10-02T05:51:43","slug":"refund-policy","status":"publish","type":"page","link":"https:\/\/airgearpro.com\/de\/refund-policy\/","title":{"rendered":"R\u00fcckgabebestimmungen"},"content":{"rendered":"\t\t<div data-elementor-type=\"wp-page\" data-elementor-id=\"8657\" class=\"elementor elementor-8657 elementor-9\">\n\t\t\t\t<div class=\"elementor-element elementor-element-27d276fa e-flex e-con-boxed e-con e-parent\" data-id=\"27d276fa\" data-element_type=\"container\">\n\t\t\t\t\t<div class=\"e-con-inner\">\n\t\t\t\t<div class=\"elementor-element elementor-element-2d5002d8 elementor-widget elementor-widget-text-editor\" data-id=\"2d5002d8\" data-element_type=\"widget\" data-widget_type=\"text-editor.default\">\n\t\t\t\t<div class=\"elementor-widget-container\">\n\t\t\t\t\t\t\t\t\t<p><strong>GESETZLICHES WIDERRUFSRECHT<\/strong><\/p><p>Sofern keine der unten aufgef\u00fchrten Ausnahmen zutrifft, k\u00f6nnen Sie Ihre Bestellung ohne Angabe von Gr\u00fcnden innerhalb von 14 Tagen ab dem Tag widerrufen, an dem Sie oder ein von Ihnen benannter Dritter (der nicht der Bef\u00f6rderer ist) die gekaufte Ware (oder die letzte Ware, Charge oder St\u00fcck, wenn der Vertrag die Lieferung mehrerer Waren oder mehrerer getrennter Chargen oder St\u00fccke beinhaltet) in Besitz nimmt oder ab dem Tag, an dem Sie den Vertrag \u00fcber Dienstleistungen abgeschlossen haben.<\/p><p>Sie m\u00fcssen uns (AirGearPro Fzco) \u00fcber Ihre Entscheidung, Ihre Bestellung zu widerrufen, informieren. Sie k\u00f6nnen Ihren Antrag per E-Mail an support@airgearpro.com senden. <\/p><p>Zur Wahrung der Widerrufsfrist reicht es aus, wenn Sie Ihre Mitteilung \u00fcber die Aus\u00fcbung des Widerrufsrechts vor Ablauf der 14-Tage-Frist absenden und Ihr Produkt gem\u00e4\u00df den von uns gegebenen Anweisungen zur\u00fccksenden.<\/p><p>F\u00fcr weitere Informationen \u00fcber den Umfang, den Inhalt und die Anweisungen zur Aus\u00fcbung Ihres Widerrufsrechts wenden Sie sich bitte an unseren Kundendienst.<\/p><p><strong>FOLGEN DES WIDERRUFS<\/strong><\/p><p>Wir werden alle Zahlungen, die wir von Ihnen erhalten haben, einschlie\u00dflich der Standardversandkosten (d. h. die Kosten unserer g\u00fcnstigsten Versandoption), sp\u00e4testens 14 Tage ab dem Tag zur\u00fcckerstatten, an dem wir Ihren Widerrufsantrag erhalten. F\u00fcr die R\u00fcckzahlung verwenden wir dasselbe Zahlungsmittel, das Sie bei der urspr\u00fcnglichen Transaktion eingesetzt haben, es sei denn, mit Ihnen wurde ausdr\u00fccklich etwas anderes vereinbart; in keinem Fall werden Ihnen wegen dieser R\u00fcckzahlung Entgelte berechnet. Wir k\u00f6nnen die R\u00fcckzahlung verweigern, bis wir die zur\u00fcckgesandten Produkte erhalten haben oder bis Sie den Nachweis erbracht haben, dass Sie die Produkte zur\u00fcckgesandt haben, je nachdem, welcher Zeitpunkt fr\u00fcher liegt. Wenn die R\u00fcckerstattung nach der oben genannten Frist erfolgt, wird der Ihnen zustehende Betrag automatisch erh\u00f6ht.   <\/p><p>Bitte beachten Sie, dass Sie die Produkte gem\u00e4\u00df den von uns gegebenen Anweisungen sp\u00e4testens 14 Tage ab dem Tag zur\u00fccksenden m\u00fcssen, an dem Sie uns \u00fcber Ihre Entscheidung zum Widerruf informiert haben.<\/p><p>Sie tragen die unmittelbaren Kosten der R\u00fccksendung der Produkte. Sie haften nur f\u00fcr einen etwaigen Wertverlust der Produkte, der auf einen Umgang mit ihnen zur\u00fcckzuf\u00fchren ist, der nicht notwendig ist, um die Art, die Eigenschaften und die Funktionsweise der Produkte festzustellen. <\/p><p><strong>AUSNAHMEN VOM WIDERRUFSRECHT<\/strong><\/p><p>Das Widerrufsrecht gilt nicht f\u00fcr:<br>&#8211; die Lieferung von Produkten, die aus Gr\u00fcnden des Gesundheitsschutzes oder der Hygiene nicht zur R\u00fcckgabe geeignet sind, wenn Sie diese nach der Lieferung entsiegelt haben oder die nach der Lieferung untrennbar mit anderen Gegenst\u00e4nden vermischt wurden;<br>&#8211; die Lieferung von versiegelten Audio- oder versiegelten Videoaufzeichnungen oder versiegelter Computersoftware, wenn diese von Ihnen nach der Lieferung entsiegelt wurden;<br>&#8211; die Lieferung von Waren, die nach Ihren Spezifikationen angefertigt wurden oder eindeutig auf Ihre pers\u00f6nlichen Bed\u00fcrfnisse zugeschnitten sind;<br>&#8211; die Lieferung von Waren, die schnell verderben oder deren Verfallsdatum schnell \u00fcberschritten w\u00fcrde;<br>&#8211; die Lieferung von Dienstleistungen, die von AirGearPro vollst\u00e4ndig erbracht wurden und f\u00fcr die Sie zum Zeitpunkt der Bestellung akzeptiert haben, dass wir mit der Ausf\u00fchrung beginnen, und auf Ihr Widerrufsrecht verzichtet haben;<br>&#8211; die Lieferung von Zeitungen, Zeitschriften oder Illustrierten mit Ausnahme von Abonnementvertr\u00e4gen f\u00fcr solche Ver\u00f6ffentlichungen; und<br>&#8211; die Lieferung alkoholischer Getr\u00e4nke, deren Preis bei Vertragsabschluss vereinbart wurde und von Schwankungen auf dem Markt abh\u00e4ngt, auf die wir keinen Einfluss haben.<\/p><p><strong>UNSERE 30-TAGE-R\u00dcCKGABEREGELUNG<\/strong><\/p><p>Unbeschadet Ihrer gesetzlichen Rechte bietet AirGearPro die folgende R\u00fcckgaberegelung an:<\/p><p>Alle Produkte von unserer Website (www.airgearpro.com) k\u00f6nnen innerhalb von 30 Tagen nach Erhalt der Produkte zur\u00fcckgegeben werden, wenn die Produkte vollst\u00e4ndig und in neuem und unbesch\u00e4digtem Zustand sind. Bei verpackten Datentr\u00e4gern in Kunststoff oder versiegelt (z. B. CDs, Audiokassetten, VHS-Videos, DVDs, PC-Spiele, Videospiele und Software, Artikel aus dem Hygiene-, Sch\u00f6nheits- und Tiergesundheitsshop) nehmen wir diese nur zur\u00fcck, wenn sie sich noch in ihrer Kunststoffverpackung befinden oder nicht entsiegelt wurden. Produkte m\u00fcssen durch Kontaktaufnahme mit unserem Kundendienst per E-Mail an support@airgearpro.com zur\u00fcckgesandt werden.  <\/p><p>Wenn Sie ein Produkt\/Produkte in \u00dcbereinstimmung mit unseren R\u00fcckgabebestimmungen zur\u00fccksenden, erstatten wir Ihnen den von Ihnen gezahlten Preis, jedoch nicht die urspr\u00fcnglichen Versandkosten Ihres Kaufs. Ebenso tragen Sie die mit dem Transport verbundenen Risiken und die Kosten der R\u00fccksendung. Versand- und R\u00fccksendekosten werden nur f\u00fcr Kleidung und Schuhe erstattet, die auf einer unserer Websites gekauft wurden. Diese R\u00fcckgabebestimmungen ber\u00fchren nicht Ihre gesetzlichen Rechte, einschlie\u00dflich Ihres oben beschriebenen gesetzlichen Widerrufsrechts.   <\/p>\t\t\t\t\t\t\t\t<\/div>\n\t\t\t\t<\/div>\n\t\t\t\t\t<\/div>\n\t\t\t\t<\/div>\n\t\t\t\t<\/div>\n\t\t","protected":false},"excerpt":{"rendered":"<p>GESETZLICHES WIDERRUFSRECHT Sofern keine der unten aufgef\u00fchrten Ausnahmen zutrifft, k\u00f6nnen Sie Ihre Bestellung ohne Angabe von Gr\u00fcnden innerhalb von 14 Tagen ab dem Tag widerrufen, an dem Sie oder ein von Ihnen benannter Dritter (der nicht der Bef\u00f6rderer ist) die gekaufte Ware (oder die letzte Ware, Charge oder St\u00fcck, wenn der Vertrag die Lieferung mehrerer [&hellip;]<\/p>\n","protected":false},"author":1,"featured_media":0,"parent":0,"menu_order":0,"comment_status":"closed","ping_status":"closed","template":"","meta":{"footnotes":""},"class_list":["post-8657","page","type-page","status-publish","hentry"],"_links":{"self":[{"href":"https:\/\/airgearpro.com\/de\/wp-json\/wp\/v2\/pages\/8657","targetHints":{"allow":["GET"]}}],"collection":[{"href":"https:\/\/airgearpro.com\/de\/wp-json\/wp\/v2\/pages"}],"about":[{"href":"https:\/\/airgearpro.com\/de\/wp-json\/wp\/v2\/types\/page"}],"author":[{"embeddable":true,"href":"https:\/\/airgearpro.com\/de\/wp-json\/wp\/v2\/users\/1"}],"replies":[{"embeddable":true,"href":"https:\/\/airgearpro.com\/de\/wp-json\/wp\/v2\/comments?post=8657"}],"version-history":[{"count":1,"href":"https:\/\/airgearpro.com\/de\/wp-json\/wp\/v2\/pages\/8657\/revisions"}],"predecessor-version":[{"id":8658,"href":"https:\/\/airgearpro.com\/de\/wp-json\/wp\/v2\/pages\/8657\/revisions\/8658"}],"wp:attachment":[{"href":"https:\/\/airgearpro.com\/de\/wp-json\/wp\/v2\/media?parent=8657"}],"curies":[{"name":"wp","href":"https:\/\/api.w.org\/{rel}","templated":true}]}}