{"id":8654,"date":"2025-04-07T04:27:51","date_gmt":"2025-04-07T08:27:51","guid":{"rendered":"https:\/\/378f167d76.nxcli.io\/legal-notice\/"},"modified":"2025-10-02T01:51:41","modified_gmt":"2025-10-02T05:51:41","slug":"legal-notice","status":"publish","type":"page","link":"https:\/\/airgearpro.com\/de\/legal-notice\/","title":{"rendered":"Impressum"},"content":{"rendered":"\t\t<div data-elementor-type=\"wp-page\" data-elementor-id=\"8654\" class=\"elementor elementor-8654 elementor-4206\">\n\t\t\t\t<div class=\"elementor-element elementor-element-2b3955a e-flex e-con-boxed e-con e-parent\" data-id=\"2b3955a\" data-element_type=\"container\">\n\t\t\t\t\t<div class=\"e-con-inner\">\n\t\t\t\t<div class=\"elementor-element elementor-element-e7a4ddd elementor-widget elementor-widget-text-editor\" data-id=\"e7a4ddd\" data-element_type=\"widget\" data-widget_type=\"text-editor.default\">\n\t\t\t\t<div class=\"elementor-widget-container\">\n\t\t\t\t\t\t\t\t\t<p class=\"\" data-start=\"174\" data-end=\"491\">AirGearPro FZCO, mit einem Stammkapital von 10.000 AED, ist ein Unternehmen, das nach den Gesetzen der Vereinigten Arabischen Emirate gegr\u00fcndet wurde. Unser eingetragener Firmensitz befindet sich in Dubai Silicon Oasis, DDP, Geb\u00e4ude A1, Dubai, VAE. Wir sind unter der Lizenznummer DSO-FZCO-17404 registriert. Unsere innergemeinschaftliche Umsatzsteuer-Identifikationsnummer lautet FR55923588974.   <\/p><p class=\"\" data-start=\"493\" data-end=\"634\">Die Website wird von AirGearPro FZCO herausgegeben. F\u00fcr Anfragen kontaktieren Sie uns bitte unter <a class=\"cursor-pointer\" rel=\"noopener\" data-start=\"578\" data-end=\"633\">support@airgearpro.com<\/a>. <\/p><p class=\"\" data-start=\"636\" data-end=\"805\">Das Hosting dieser Website wird von Nexcess, 2703 Ena Dr., Lansing, MI 48917, USA, bereitgestellt. Telefon: 1-866-639-2377.<\/p><p class=\"\" data-start=\"807\" data-end=\"994\">Alle Inhalte dieser Website sind durch geistige Eigentumsrechte gesch\u00fctzt und bleiben Eigentum von AirGearPro FZCO. Unerlaubte Nutzung, Vervielf\u00e4ltigung oder Verbreitung ist strengstens untersagt. <\/p><p class=\"\" data-start=\"996\" data-end=\"1155\">Diese rechtlichen Hinweise unterliegen den Gesetzen der Vereinigten Arabischen Emirate. Im Falle von Streitigkeiten sind die zust\u00e4ndigen Gerichte in Dubai ausschlie\u00dflich zust\u00e4ndig. <\/p>\t\t\t\t\t\t\t\t<\/div>\n\t\t\t\t<\/div>\n\t\t\t\t\t<\/div>\n\t\t\t\t<\/div>\n\t\t\t\t<\/div>\n\t\t","protected":false},"excerpt":{"rendered":"<p>AirGearPro FZCO, mit einem Stammkapital von 10.000 AED, ist ein Unternehmen, das nach den Gesetzen der Vereinigten Arabischen Emirate gegr\u00fcndet wurde. Unser eingetragener Firmensitz befindet sich in Dubai Silicon Oasis, DDP, Geb\u00e4ude A1, Dubai, VAE. Wir sind unter der Lizenznummer DSO-FZCO-17404 registriert. Unsere innergemeinschaftliche Umsatzsteuer-Identifikationsnummer lautet FR55923588974. Die Website wird von AirGearPro FZCO herausgegeben. F\u00fcr [&hellip;]<\/p>\n","protected":false},"author":1,"featured_media":0,"parent":0,"menu_order":0,"comment_status":"closed","ping_status":"closed","template":"","meta":{"footnotes":""},"class_list":["post-8654","page","type-page","status-publish","hentry"],"_links":{"self":[{"href":"https:\/\/airgearpro.com\/de\/wp-json\/wp\/v2\/pages\/8654","targetHints":{"allow":["GET"]}}],"collection":[{"href":"https:\/\/airgearpro.com\/de\/wp-json\/wp\/v2\/pages"}],"about":[{"href":"https:\/\/airgearpro.com\/de\/wp-json\/wp\/v2\/types\/page"}],"author":[{"embeddable":true,"href":"https:\/\/airgearpro.com\/de\/wp-json\/wp\/v2\/users\/1"}],"replies":[{"embeddable":true,"href":"https:\/\/airgearpro.com\/de\/wp-json\/wp\/v2\/comments?post=8654"}],"version-history":[{"count":1,"href":"https:\/\/airgearpro.com\/de\/wp-json\/wp\/v2\/pages\/8654\/revisions"}],"predecessor-version":[{"id":8656,"href":"https:\/\/airgearpro.com\/de\/wp-json\/wp\/v2\/pages\/8654\/revisions\/8656"}],"wp:attachment":[{"href":"https:\/\/airgearpro.com\/de\/wp-json\/wp\/v2\/media?parent=8654"}],"curies":[{"name":"wp","href":"https:\/\/api.w.org\/{rel}","templated":true}]}}